{"id":95438,"date":"2026-03-30T18:03:40","date_gmt":"2026-03-30T17:03:40","guid":{"rendered":"https:\/\/sunnysteve.com\/algarve-simulador-de-rendas-de-curta-duracao-calculadora-de-receitas-airbnb\/"},"modified":"2026-04-06T14:08:00","modified_gmt":"2026-04-06T13:08:00","slug":"algarve-simulador-de-rendas-de-curta-duracao-calculadora-de-receitas-airbnb","status":"publish","type":"page","link":"https:\/\/sunnysteve.com\/pt-pt\/algarve-simulador-de-rendas-de-curta-duracao-calculadora-de-receitas-airbnb\/","title":{"rendered":"Algarve Simulador de Rendas de Curta Dura\u00e7\u00e3o | Calculadora de Receitas Airbnb"},"content":{"rendered":"\t\t<div data-elementor-type=\"wp-page\" data-elementor-id=\"95438\" class=\"elementor elementor-95438 elementor-95064\" data-elementor-post-type=\"page\">\n\t\t\t\t<div class=\"elementor-element elementor-element-0cc1505 e-con-full e-flex e-con e-parent\" data-id=\"0cc1505\" data-element_type=\"container\" data-e-type=\"container\">\n\t\t\t\t<div class=\"elementor-element elementor-element-7d23bcd elementor-widget elementor-widget-html\" data-id=\"7d23bcd\" data-element_type=\"widget\" data-e-type=\"widget\" data-widget_type=\"html.default\">\n\t\t\t\t<div class=\"elementor-widget-container\">\n\t\t\t\t\t<iframe src=\"https:\/\/algarve-airbnb-revenue-simulator-1091780807486.us-west1.run.app\/\" width=\"100%\" height=\"1500px\" style=\"border:none; border-radius: 10px; box-shadow: 0px 4px 10px rgba(0,0,0,0.1);\" title=\"SunnySteve Simulador de rendimento de arrendamento a curto prazo\" loading=\"lazy\" allow=\"geolocation\">\r\n<\/iframe>\t\t\t\t<\/div>\n\t\t\t\t<\/div>\n\t\t\t\t<div class=\"elementor-element elementor-element-seo_g7h8i9 elementor-widget elementor-widget-html\" data-id=\"seo_g7h8i9\" data-element_type=\"widget\" data-e-type=\"widget\" data-widget_type=\"html.default\">\n\t\t\t\t<div class=\"elementor-widget-container\">\n\t\t\t\t\t<div style=\"padding: 48px 40px; max-width: 960px; margin: 0 auto;\">\n<h2 style=\"font-size: 26px; font-weight: 600; margin-bottom: 16px;\">Como funciona o Simulador de Rendas<\/h2>\n<p style=\"font-size: 16px; line-height: 1.75; color: #555;\">Est\u00e1s a pensar em comprar uma propriedade no Algarve como um investimento de aluguer de curto prazo? Este simulador permite-te estimar o teu potencial rendimento no Airbnb ou no aluguer de f\u00e9rias com base na localiza\u00e7\u00e3o, tipo de propriedade, taxa nocturna e padr\u00f5es de ocupa\u00e7\u00e3o espec\u00edficos do mercado do Barlavento Algarvio. Introduz os detalhes da tua propriedade e ajusta os pressupostos para modelar os melhores cen\u00e1rios de receitas anuais, realistas e conservadores. Foi concebido para os compradores avaliarem se uma propriedade \u00e9 um investimento de aluguer de curta dura\u00e7\u00e3o - e para os propriet\u00e1rios existentes avaliarem o seu desempenho. Todos os valores s\u00e3o projec\u00e7\u00f5es baseadas em dados de mercado e n\u00e3o constituem uma garantia de rendimento.    <\/p>\n<\/div>\t\t\t\t<\/div>\n\t\t\t\t<\/div>\n\t\t\t\t<div class=\"elementor-element elementor-element-schema_str elementor-widget elementor-widget-html\" data-id=\"schema_str\" data-element_type=\"widget\" data-e-type=\"widget\" data-widget_type=\"html.default\">\n\t\t\t\t<div class=\"elementor-widget-container\">\n\t\t\t\t\t<script type=\"application\/ld+json\">{\"@context\": \"https:\/\/schema.org\", \"@type\": \"SoftwareApplication\", \"name\": \"Algarve Short-Term Rental Income Simulator\", \"description\": \"Free tool to estimate Airbnb and holiday rental income for properties in the Algarve, Portugal. Simulate nightly rates, occupancy, seasonality and annual revenue.\", \"applicationCategory\": \"FinanceApplication\", \"operatingSystem\": \"Web Browser\", \"url\": \"https:\/\/sunnysteve.com\/short-term-rental-simulator\/\", \"offers\": {\"@type\": \"Offer\", \"price\": \"0\", \"priceCurrency\": \"EUR\"}, \"creator\": {\"@type\": \"Organization\", \"name\": \"SunnySteve Real Estate\", \"url\": \"https:\/\/sunnysteve.com\"}}<\/script>\t\t\t\t<\/div>\n\t\t\t\t<\/div>\n\t\t\t\t<\/div>\n\t\t\t\t<\/div>\n\t\t","protected":false},"excerpt":{"rendered":"<p>Faz uma estimativa do rendimento do Airbnb ou do aluguer de curta dura\u00e7\u00e3o para qualquer propriedade no Algarve. Simula as taxas nocturnas, a ocupa\u00e7\u00e3o, a sazonalidade e a receita anual com a nossa calculadora STR gratuita criada para o mercado do Barlavento Algarvio. <\/p>\n","protected":false},"author":6,"featured_media":0,"parent":0,"menu_order":0,"comment_status":"closed","ping_status":"closed","template":"elementor_header_footer","meta":{"footnotes":""},"class_list":["post-95438","page","type-page","status-publish","hentry"],"aioseo_notices":[],"aioseo_head":"\n\t\t<!-- All in One SEO Pro 4.9.5.2 - aioseo.com -->\n\t<meta name=\"description\" content=\"Como funciona o Simulador de Rendas Est\u00e1s a pensar em comprar uma propriedade no Algarve como um investimento de aluguer de curto prazo? Este simulador permite-te estimar o teu potencial rendimento no Airbnb ou no aluguer de f\u00e9rias com base na localiza\u00e7\u00e3o, tipo de propriedade, taxa nocturna e padr\u00f5es de ocupa\u00e7\u00e3o espec\u00edficos do mercado do\" \/>\n\t<meta name=\"robots\" content=\"max-image-preview:large\" \/>\n\t<meta name=\"google-site-verification\" content=\"6Spa-o41CcNSMq81uVrBXskB-BVQKssFNgXlgComdWc\" \/>\n\t<link rel=\"canonical\" href=\"https:\/\/sunnysteve.com\/pt-pt\/algarve-simulador-de-rendas-de-curta-duracao-calculadora-de-receitas-airbnb\/\" \/>\n\t<meta name=\"generator\" content=\"All in One SEO Pro (AIOSEO) 4.9.5.2\" \/>\n\t\t<meta property=\"og:locale\" content=\"pt_PT\" \/>\n\t\t<meta property=\"og:site_name\" content=\"SunnySteve | Lagos &amp; Algarve Real Estate \u00bb We help International buyers find home in the Algarve\" \/>\n\t\t<meta property=\"og:type\" content=\"website\" \/>\n\t\t<meta property=\"og:title\" content=\"Algarve Simulador de Rendas de Curta Dura\u00e7\u00e3o | Calculadora de Receitas Airbnb\" \/>\n\t\t<meta property=\"og:description\" content=\"Como funciona o Simulador de Rendas Est\u00e1s a pensar em comprar uma propriedade no Algarve como um investimento de aluguer de curto prazo? Este simulador permite-te estimar o teu potencial rendimento no Airbnb ou no aluguer de f\u00e9rias com base na localiza\u00e7\u00e3o, tipo de propriedade, taxa nocturna e padr\u00f5es de ocupa\u00e7\u00e3o espec\u00edficos do mercado do\" \/>\n\t\t<meta property=\"og:url\" content=\"https:\/\/sunnysteve.com\/pt-pt\/algarve-simulador-de-rendas-de-curta-duracao-calculadora-de-receitas-airbnb\/\" \/>\n\t\t<meta property=\"og:image\" content=\"https:\/\/sunnysteve.com\/wp-content\/uploads\/2026\/02\/Logo-SunnySteve-eXp-4-3.png\" \/>\n\t\t<meta property=\"og:image:secure_url\" content=\"https:\/\/sunnysteve.com\/wp-content\/uploads\/2026\/02\/Logo-SunnySteve-eXp-4-3.png\" \/>\n\t\t<meta property=\"og:image:width\" content=\"1920\" \/>\n\t\t<meta property=\"og:image:height\" content=\"1440\" \/>\n\t\t<meta name=\"twitter:card\" content=\"summary_large_image\" \/>\n\t\t<meta name=\"twitter:site\" content=\"@sunnysteve_real\" \/>\n\t\t<meta name=\"twitter:title\" content=\"Algarve Simulador de Rendas de Curta Dura\u00e7\u00e3o | Calculadora de Receitas Airbnb\" \/>\n\t\t<meta name=\"twitter:description\" content=\"Como funciona o Simulador de Rendas Est\u00e1s a pensar em comprar uma propriedade no Algarve como um investimento de aluguer de curto prazo? Este simulador permite-te estimar o teu potencial rendimento no Airbnb ou no aluguer de f\u00e9rias com base na localiza\u00e7\u00e3o, tipo de propriedade, taxa nocturna e padr\u00f5es de ocupa\u00e7\u00e3o espec\u00edficos do mercado do\" \/>\n\t\t<meta name=\"twitter:creator\" content=\"@sunnysteve_real\" \/>\n\t\t<meta name=\"twitter:image\" content=\"https:\/\/sunnysteve.com\/wp-content\/uploads\/2026\/02\/Logo-SunnySteve-eXp-4-3.png\" \/>\n\t\t<script type=\"application\/ld+json\" class=\"aioseo-schema\">\n\t\t\t{\"@context\":\"https:\\\/\\\/schema.org\",\"@graph\":[{\"@type\":\"BreadcrumbList\",\"@id\":\"https:\\\/\\\/sunnysteve.com\\\/pt-pt\\\/algarve-simulador-de-rendas-de-curta-duracao-calculadora-de-receitas-airbnb\\\/#breadcrumblist\",\"itemListElement\":[{\"@type\":\"ListItem\",\"@id\":\"https:\\\/\\\/sunnysteve.com\\\/pt-pt\\\/#listItem\",\"position\":1,\"name\":\"Home\",\"item\":\"https:\\\/\\\/sunnysteve.com\\\/pt-pt\\\/\",\"nextItem\":{\"@type\":\"ListItem\",\"@id\":\"https:\\\/\\\/sunnysteve.com\\\/pt-pt\\\/algarve-simulador-de-rendas-de-curta-duracao-calculadora-de-receitas-airbnb\\\/#listItem\",\"name\":\"Algarve Simulador de Rendas de Curta Dura\\u00e7\\u00e3o | Calculadora de Receitas Airbnb\"}},{\"@type\":\"ListItem\",\"@id\":\"https:\\\/\\\/sunnysteve.com\\\/pt-pt\\\/algarve-simulador-de-rendas-de-curta-duracao-calculadora-de-receitas-airbnb\\\/#listItem\",\"position\":2,\"name\":\"Algarve Simulador de Rendas de Curta Dura\\u00e7\\u00e3o | Calculadora de Receitas Airbnb\",\"previousItem\":{\"@type\":\"ListItem\",\"@id\":\"https:\\\/\\\/sunnysteve.com\\\/pt-pt\\\/#listItem\",\"name\":\"Home\"}}]},{\"@type\":\"Organization\",\"@id\":\"https:\\\/\\\/sunnysteve.com\\\/pt-pt\\\/#organization\",\"name\":\"SunnySteve | Lagos &amp; Algarve Real Estate\",\"description\":\"Navigate the Algarve property market with 20 years of local mastery. From Lagos to Faro, we specialize in helping international clients buy and sell with total confidence. Your seamless transition to Portugal starts here.\",\"url\":\"https:\\\/\\\/sunnysteve.com\\\/pt-pt\\\/\",\"email\":\"info@sunnysteve.com\",\"telephone\":\"+351934916657\",\"logo\":{\"@type\":\"ImageObject\",\"url\":\"https:\\\/\\\/sunnysteve.com\\\/wp-content\\\/uploads\\\/2025\\\/05\\\/Sunny-Steve-Logo-2025-Blue.png\",\"@id\":\"https:\\\/\\\/sunnysteve.com\\\/pt-pt\\\/algarve-simulador-de-rendas-de-curta-duracao-calculadora-de-receitas-airbnb\\\/#organizationLogo\"},\"image\":{\"@id\":\"https:\\\/\\\/sunnysteve.com\\\/pt-pt\\\/algarve-simulador-de-rendas-de-curta-duracao-calculadora-de-receitas-airbnb\\\/#organizationLogo\"},\"sameAs\":[\"https:\\\/\\\/www.facebook.com\\\/sunnysteverealestate\",\"https:\\\/\\\/x.com\\\/sunnysteve_real\",\"https:\\\/\\\/www.instagram.com\\\/sunnysteve_realestate\",\"https:\\\/\\\/www.tiktok.com\\\/@sunnysteve_realestate\",\"https:\\\/\\\/www.youtube.com\\\/@sunnysteve_realestate\",\"https:\\\/\\\/www.linkedin.com\\\/in\\\/stevemarque\\\/\"],\"address\":{\"@id\":\"https:\\\/\\\/sunnysteve.com\\\/pt-pt\\\/#postaladdress\",\"@type\":\"PostalAddress\",\"streetAddress\":\"Rua Mario de Sa Carneiro 2,\",\"postalCode\":\"8600-288\",\"addressLocality\":\"Lagos\",\"addressRegion\":\"Faro\",\"addressCountry\":\"PT\"},\"vatID\":\"518631885\"},{\"@type\":\"WebPage\",\"@id\":\"https:\\\/\\\/sunnysteve.com\\\/pt-pt\\\/algarve-simulador-de-rendas-de-curta-duracao-calculadora-de-receitas-airbnb\\\/#webpage\",\"url\":\"https:\\\/\\\/sunnysteve.com\\\/pt-pt\\\/algarve-simulador-de-rendas-de-curta-duracao-calculadora-de-receitas-airbnb\\\/\",\"name\":\"Algarve Simulador de Rendas de Curta Dura\\u00e7\\u00e3o | Calculadora de Receitas Airbnb\",\"description\":\"Como funciona o Simulador de Rendas Est\\u00e1s a pensar em comprar uma propriedade no Algarve como um investimento de aluguer de curto prazo? Este simulador permite-te estimar o teu potencial rendimento no Airbnb ou no aluguer de f\\u00e9rias com base na localiza\\u00e7\\u00e3o, tipo de propriedade, taxa nocturna e padr\\u00f5es de ocupa\\u00e7\\u00e3o espec\\u00edficos do mercado do\",\"inLanguage\":\"pt-PT\",\"isPartOf\":{\"@id\":\"https:\\\/\\\/sunnysteve.com\\\/pt-pt\\\/#website\"},\"breadcrumb\":{\"@id\":\"https:\\\/\\\/sunnysteve.com\\\/pt-pt\\\/algarve-simulador-de-rendas-de-curta-duracao-calculadora-de-receitas-airbnb\\\/#breadcrumblist\"},\"datePublished\":\"2026-03-30T18:03:40+01:00\",\"dateModified\":\"2026-04-06T14:08:00+01:00\"},{\"@type\":\"WebSite\",\"@id\":\"https:\\\/\\\/sunnysteve.com\\\/pt-pt\\\/#website\",\"url\":\"https:\\\/\\\/sunnysteve.com\\\/pt-pt\\\/\",\"name\":\"SunnySteve - Lagos &amp; Algarve Real Estate\",\"alternateName\":\"Steve Marqu\\u00e9\",\"description\":\"We help International buyers find home in the Algarve\",\"inLanguage\":\"pt-PT\",\"publisher\":{\"@id\":\"https:\\\/\\\/sunnysteve.com\\\/pt-pt\\\/#organization\"}}]}\n\t\t<\/script>\n\t\t<!-- All in One SEO Pro -->\r\n\t\t<title>Algarve Simulador de Rendas de Curta Dura\u00e7\u00e3o | Calculadora de Receitas Airbnb<\/title>\n\n","aioseo_head_json":{"title":"Algarve Simulador de Rendas de Curta Dura\u00e7\u00e3o | Calculadora de Receitas Airbnb","description":"Como funciona o Simulador de Rendas Est\u00e1s a pensar em comprar uma propriedade no Algarve como um investimento de aluguer de curto prazo? Este simulador permite-te estimar o teu potencial rendimento no Airbnb ou no aluguer de f\u00e9rias com base na localiza\u00e7\u00e3o, tipo de propriedade, taxa nocturna e padr\u00f5es de ocupa\u00e7\u00e3o espec\u00edficos do mercado do","canonical_url":"https:\/\/sunnysteve.com\/pt-pt\/algarve-simulador-de-rendas-de-curta-duracao-calculadora-de-receitas-airbnb\/","robots":"max-image-preview:large","keywords":"","webmasterTools":{"google-site-verification":"6Spa-o41CcNSMq81uVrBXskB-BVQKssFNgXlgComdWc","miscellaneous":""},"schema":{"@context":"https:\/\/schema.org","@graph":[{"@type":"BreadcrumbList","@id":"https:\/\/sunnysteve.com\/pt-pt\/algarve-simulador-de-rendas-de-curta-duracao-calculadora-de-receitas-airbnb\/#breadcrumblist","itemListElement":[{"@type":"ListItem","@id":"https:\/\/sunnysteve.com\/pt-pt\/#listItem","position":1,"name":"Home","item":"https:\/\/sunnysteve.com\/pt-pt\/","nextItem":{"@type":"ListItem","@id":"https:\/\/sunnysteve.com\/pt-pt\/algarve-simulador-de-rendas-de-curta-duracao-calculadora-de-receitas-airbnb\/#listItem","name":"Algarve Simulador de Rendas de Curta Dura\u00e7\u00e3o | Calculadora de Receitas Airbnb"}},{"@type":"ListItem","@id":"https:\/\/sunnysteve.com\/pt-pt\/algarve-simulador-de-rendas-de-curta-duracao-calculadora-de-receitas-airbnb\/#listItem","position":2,"name":"Algarve Simulador de Rendas de Curta Dura\u00e7\u00e3o | Calculadora de Receitas Airbnb","previousItem":{"@type":"ListItem","@id":"https:\/\/sunnysteve.com\/pt-pt\/#listItem","name":"Home"}}]},{"@type":"Organization","@id":"https:\/\/sunnysteve.com\/pt-pt\/#organization","name":"SunnySteve | Lagos &amp; Algarve Real Estate","description":"Navigate the Algarve property market with 20 years of local mastery. From Lagos to Faro, we specialize in helping international clients buy and sell with total confidence. Your seamless transition to Portugal starts here.","url":"https:\/\/sunnysteve.com\/pt-pt\/","email":"info@sunnysteve.com","telephone":"+351934916657","logo":{"@type":"ImageObject","url":"https:\/\/sunnysteve.com\/wp-content\/uploads\/2025\/05\/Sunny-Steve-Logo-2025-Blue.png","@id":"https:\/\/sunnysteve.com\/pt-pt\/algarve-simulador-de-rendas-de-curta-duracao-calculadora-de-receitas-airbnb\/#organizationLogo"},"image":{"@id":"https:\/\/sunnysteve.com\/pt-pt\/algarve-simulador-de-rendas-de-curta-duracao-calculadora-de-receitas-airbnb\/#organizationLogo"},"sameAs":["https:\/\/www.facebook.com\/sunnysteverealestate","https:\/\/x.com\/sunnysteve_real","https:\/\/www.instagram.com\/sunnysteve_realestate","https:\/\/www.tiktok.com\/@sunnysteve_realestate","https:\/\/www.youtube.com\/@sunnysteve_realestate","https:\/\/www.linkedin.com\/in\/stevemarque\/"],"address":{"@id":"https:\/\/sunnysteve.com\/pt-pt\/#postaladdress","@type":"PostalAddress","streetAddress":"Rua Mario de Sa Carneiro 2,","postalCode":"8600-288","addressLocality":"Lagos","addressRegion":"Faro","addressCountry":"PT"},"vatID":"518631885"},{"@type":"WebPage","@id":"https:\/\/sunnysteve.com\/pt-pt\/algarve-simulador-de-rendas-de-curta-duracao-calculadora-de-receitas-airbnb\/#webpage","url":"https:\/\/sunnysteve.com\/pt-pt\/algarve-simulador-de-rendas-de-curta-duracao-calculadora-de-receitas-airbnb\/","name":"Algarve Simulador de Rendas de Curta Dura\u00e7\u00e3o | Calculadora de Receitas Airbnb","description":"Como funciona o Simulador de Rendas Est\u00e1s a pensar em comprar uma propriedade no Algarve como um investimento de aluguer de curto prazo? Este simulador permite-te estimar o teu potencial rendimento no Airbnb ou no aluguer de f\u00e9rias com base na localiza\u00e7\u00e3o, tipo de propriedade, taxa nocturna e padr\u00f5es de ocupa\u00e7\u00e3o espec\u00edficos do mercado do","inLanguage":"pt-PT","isPartOf":{"@id":"https:\/\/sunnysteve.com\/pt-pt\/#website"},"breadcrumb":{"@id":"https:\/\/sunnysteve.com\/pt-pt\/algarve-simulador-de-rendas-de-curta-duracao-calculadora-de-receitas-airbnb\/#breadcrumblist"},"datePublished":"2026-03-30T18:03:40+01:00","dateModified":"2026-04-06T14:08:00+01:00"},{"@type":"WebSite","@id":"https:\/\/sunnysteve.com\/pt-pt\/#website","url":"https:\/\/sunnysteve.com\/pt-pt\/","name":"SunnySteve - Lagos &amp; Algarve Real Estate","alternateName":"Steve Marqu\u00e9","description":"We help International buyers find home in the Algarve","inLanguage":"pt-PT","publisher":{"@id":"https:\/\/sunnysteve.com\/pt-pt\/#organization"}}]},"og:locale":"pt_PT","og:site_name":"SunnySteve | Lagos &amp; Algarve Real Estate \u00bb We help International buyers find home in the Algarve","og:type":"website","og:title":"Algarve Simulador de Rendas de Curta Dura\u00e7\u00e3o | Calculadora de Receitas Airbnb","og:description":"Como funciona o Simulador de Rendas Est\u00e1s a pensar em comprar uma propriedade no Algarve como um investimento de aluguer de curto prazo? Este simulador permite-te estimar o teu potencial rendimento no Airbnb ou no aluguer de f\u00e9rias com base na localiza\u00e7\u00e3o, tipo de propriedade, taxa nocturna e padr\u00f5es de ocupa\u00e7\u00e3o espec\u00edficos do mercado do","og:url":"https:\/\/sunnysteve.com\/pt-pt\/algarve-simulador-de-rendas-de-curta-duracao-calculadora-de-receitas-airbnb\/","og:image":"https:\/\/sunnysteve.com\/wp-content\/uploads\/2026\/02\/Logo-SunnySteve-eXp-4-3.png","og:image:secure_url":"https:\/\/sunnysteve.com\/wp-content\/uploads\/2026\/02\/Logo-SunnySteve-eXp-4-3.png","og:image:width":1920,"og:image:height":1440,"twitter:card":"summary_large_image","twitter:site":"@sunnysteve_real","twitter:title":"Algarve Simulador de Rendas de Curta Dura\u00e7\u00e3o | Calculadora de Receitas Airbnb","twitter:description":"Como funciona o Simulador de Rendas Est\u00e1s a pensar em comprar uma propriedade no Algarve como um investimento de aluguer de curto prazo? Este simulador permite-te estimar o teu potencial rendimento no Airbnb ou no aluguer de f\u00e9rias com base na localiza\u00e7\u00e3o, tipo de propriedade, taxa nocturna e padr\u00f5es de ocupa\u00e7\u00e3o espec\u00edficos do mercado do","twitter:creator":"@sunnysteve_real","twitter:image":"https:\/\/sunnysteve.com\/wp-content\/uploads\/2026\/02\/Logo-SunnySteve-eXp-4-3.png"},"aioseo_meta_data":{"post_id":"95438","title":null,"description":null,"keywords":null,"keyphrases":{"focus":{"keyphrase":"","score":0,"analysis":{"keyphraseInTitle":{"score":0,"maxScore":9,"error":1}}},"additional":[]},"primary_term":null,"canonical_url":null,"og_title":null,"og_description":null,"og_object_type":"default","og_image_type":"default","og_image_url":null,"og_image_width":null,"og_image_height":null,"og_image_custom_url":null,"og_image_custom_fields":null,"og_video":"","og_custom_url":null,"og_article_section":null,"og_article_tags":null,"twitter_use_og":false,"twitter_card":"default","twitter_image_type":"default","twitter_image_url":null,"twitter_image_custom_url":null,"twitter_image_custom_fields":null,"twitter_title":null,"twitter_description":null,"schema":{"blockGraphs":[],"customGraphs":[],"default":{"data":{"Article":[],"Course":[],"Dataset":[],"FAQPage":[],"Movie":[],"Person":[],"Product":[],"ProductReview":[],"Car":[],"Recipe":[],"Service":[],"SoftwareApplication":[],"WebPage":[]},"graphName":"WebPage","isEnabled":true},"graphs":[]},"schema_type":"default","schema_type_options":null,"pillar_content":false,"robots_default":true,"robots_noindex":false,"robots_noarchive":false,"robots_nosnippet":false,"robots_nofollow":false,"robots_noimageindex":false,"robots_noodp":false,"robots_notranslate":false,"robots_max_snippet":"-1","robots_max_videopreview":"-1","robots_max_imagepreview":"large","priority":null,"frequency":"default","local_seo":null,"seo_analyzer_scan_date":"2026-04-06 14:14:06","breadcrumb_settings":null,"limit_modified_date":false,"reviewed_by":"0","open_ai":null,"ai":{"faqs":[],"keyPoints":[],"titles":[],"descriptions":[],"socialPosts":{"email":[],"linkedin":[],"twitter":[],"facebook":[],"instagram":[]}},"created":"2026-04-06 13:07:58","updated":"2026-04-06 14:15:16"},"aioseo_breadcrumb":"<div class=\"aioseo-breadcrumbs\"><span class=\"aioseo-breadcrumb\">\n\t<a href=\"https:\/\/sunnysteve.com\/pt-pt\/\" title=\"Home\">Home<\/a>\n<\/span><span class=\"aioseo-breadcrumb-separator\">\u00bb<\/span><span class=\"aioseo-breadcrumb\">\n\tAlgarve Simulador de Rendas de Curta Dura\u00e7\u00e3o | Calculadora de Receitas Airbnb\n<\/span><\/div>","aioseo_breadcrumb_json":[{"label":"Home","link":"https:\/\/sunnysteve.com\/pt-pt\/"},{"label":"Algarve Simulador de Rendas de Curta Dura\u00e7\u00e3o | Calculadora de Receitas Airbnb","link":"https:\/\/sunnysteve.com\/pt-pt\/algarve-simulador-de-rendas-de-curta-duracao-calculadora-de-receitas-airbnb\/"}],"_links":{"self":[{"href":"https:\/\/sunnysteve.com\/pt-pt\/wp-json\/wp\/v2\/pages\/95438","targetHints":{"allow":["GET"]}}],"collection":[{"href":"https:\/\/sunnysteve.com\/pt-pt\/wp-json\/wp\/v2\/pages"}],"about":[{"href":"https:\/\/sunnysteve.com\/pt-pt\/wp-json\/wp\/v2\/types\/page"}],"author":[{"embeddable":true,"href":"https:\/\/sunnysteve.com\/pt-pt\/wp-json\/wp\/v2\/users\/6"}],"replies":[{"embeddable":true,"href":"https:\/\/sunnysteve.com\/pt-pt\/wp-json\/wp\/v2\/comments?post=95438"}],"version-history":[{"count":4,"href":"https:\/\/sunnysteve.com\/pt-pt\/wp-json\/wp\/v2\/pages\/95438\/revisions"}],"predecessor-version":[{"id":95445,"href":"https:\/\/sunnysteve.com\/pt-pt\/wp-json\/wp\/v2\/pages\/95438\/revisions\/95445"}],"wp:attachment":[{"href":"https:\/\/sunnysteve.com\/pt-pt\/wp-json\/wp\/v2\/media?parent=95438"}],"curies":[{"name":"wp","href":"https:\/\/api.w.org\/{rel}","templated":true}]}}