{"id":99502,"date":"2026-04-21T12:36:47","date_gmt":"2026-04-21T11:36:47","guid":{"rendered":"https:\/\/sunnysteve.com\/tries-sur-le-volet\/"},"modified":"2026-04-22T15:14:30","modified_gmt":"2026-04-22T14:14:30","slug":"tries-sur-le-volet","status":"publish","type":"page","link":"https:\/\/sunnysteve.com\/fr\/tries-sur-le-volet\/","title":{"rendered":"Tri\u00e9s sur le volet"},"content":{"rendered":"\t\t<div data-elementor-type=\"wp-page\" data-elementor-id=\"99502\" class=\"elementor elementor-99502 elementor-99192\" data-elementor-post-type=\"page\">\n\t\t\t\t<div class=\"elementor-element elementor-element-e1aef7c e-flex e-con-boxed e-con e-parent\" data-id=\"e1aef7c\" data-element_type=\"container\" data-e-type=\"container\">\n\t\t\t\t\t<div class=\"e-con-inner\">\n\t\t\t\t<div class=\"elementor-element elementor-element-53f6c3f elementor-widget elementor-widget-heading\" data-id=\"53f6c3f\" data-element_type=\"widget\" data-e-type=\"widget\" data-widget_type=\"heading.default\">\n\t\t\t\t<div class=\"elementor-widget-container\">\n\t\t\t\t\t<h2 class=\"elementor-heading-title elementor-size-default\">Notre s\u00e9lection de propri\u00e9t\u00e9s tri\u00e9es sur le volet<\/h2>\t\t\t\t<\/div>\n\t\t\t\t<\/div>\n\t\t<div class=\"elementor-element elementor-element-6757ffb e-con-full e-flex e-con e-child\" data-id=\"6757ffb\" data-element_type=\"container\" data-e-type=\"container\">\n\t\t<div class=\"elementor-element elementor-element-23fd051 e-con-full e-flex e-con e-child\" data-id=\"23fd051\" data-element_type=\"container\" data-e-type=\"container\">\n\t\t\t\t<div class=\"elementor-element elementor-element-b0f245d elementor-widget elementor-widget-Houzez_Banner_Image\" data-id=\"b0f245d\" data-element_type=\"widget\" data-e-type=\"widget\" data-widget_type=\"Houzez_Banner_Image.default\">\n\t\t\t\t<div class=\"elementor-widget-container\">\n\t\t\t\t\t\n        <div class=\"banner-image-module d-flex justify-content-center align-items-center\">\n                        <div class=\"banner-image-content-wrap p-4 text-center\">\n                <a>Appartements : -500k<\/a>\n            <\/div>\n                        \n            <img decoding=\"async\" class=\"img-fluid\" src=\"https:\/\/sunnysteve.com\/wp-content\/uploads\/2025\/10\/Turnkey-Investment-or-Dream-Holiday-Home-Luxurious-T2-Apartment-in-Baia-da-Luz-Praia-da-Luz-32-584x438.webp\" alt=\"\">\n                            <a href=\"https:\/\/www.casafari.com\/estate\/sharepage\/69e7876489a05d1dde1a74ca\" target=\"_blank\" class=\"banner-image-module-link w-100 h-100 top-0 bottom-0 start-0 end-0\"><\/a>\n                    <\/div>\n        \n   \t\t\t\t<\/div>\n\t\t\t\t<\/div>\n\t\t\t\t<\/div>\n\t\t<div class=\"elementor-element elementor-element-f2907de e-con-full e-flex e-con e-child\" data-id=\"f2907de\" data-element_type=\"container\" data-e-type=\"container\">\n\t\t\t\t<div class=\"elementor-element elementor-element-ec5276b elementor-widget elementor-widget-Houzez_Banner_Image\" data-id=\"ec5276b\" data-element_type=\"widget\" data-e-type=\"widget\" data-widget_type=\"Houzez_Banner_Image.default\">\n\t\t\t\t<div class=\"elementor-widget-container\">\n\t\t\t\t\t\n        <div class=\"banner-image-module d-flex justify-content-center align-items-center\">\n                        <div class=\"banner-image-content-wrap p-4 text-center\">\n                <a>Appartements : 500k- 1m\u20ac<\/a>\n            <\/div>\n                        \n            <img decoding=\"async\" class=\"img-fluid\" src=\"https:\/\/sunnysteve.com\/wp-content\/uploads\/2025\/10\/Stunning-Penthouse-Apartment-with-Sea-Views-near-Lagos-Marina-25.webp\" alt=\"\">\n                            <a href=\"https:\/\/www.casafari.com\/estate\/sharepage\/69e78805de65f5c6f7a568e3\" class=\"banner-image-module-link w-100 h-100 top-0 bottom-0 start-0 end-0\"><\/a>\n                    <\/div>\n        \n   \t\t\t\t<\/div>\n\t\t\t\t<\/div>\n\t\t\t\t<\/div>\n\t\t\t\t<\/div>\n\t\t<div class=\"elementor-element elementor-element-5a6eea7 e-con-full e-flex e-con e-child\" data-id=\"5a6eea7\" data-element_type=\"container\" data-e-type=\"container\">\n\t\t<div class=\"elementor-element elementor-element-4e4f2db e-con-full e-flex e-con e-child\" data-id=\"4e4f2db\" data-element_type=\"container\" data-e-type=\"container\">\n\t\t\t\t<div class=\"elementor-element elementor-element-54aafaf elementor-widget elementor-widget-Houzez_Banner_Image\" data-id=\"54aafaf\" data-element_type=\"widget\" data-e-type=\"widget\" data-widget_type=\"Houzez_Banner_Image.default\">\n\t\t\t\t<div class=\"elementor-widget-container\">\n\t\t\t\t\t\n        <div class=\"banner-image-module d-flex justify-content-center align-items-center\">\n                        <div class=\"banner-image-content-wrap p-4 text-center\">\n                <a>Villas : 500k-1m\u20ac<\/a>\n            <\/div>\n                        \n            <img decoding=\"async\" class=\"img-fluid\" src=\"https:\/\/sunnysteve.com\/wp-content\/uploads\/2025\/09\/Exclusive-Four-Bedroom-Villa-with-a-140m\u00b2-Basement-and-Pool-in-Prime-Lagos-Location-47.jpg\" alt=\"\">\n                            <a href=\"https:\/\/www.casafari.com\/estate\/sharepage\/69e7880efa70b6c95f67db14\" class=\"banner-image-module-link w-100 h-100 top-0 bottom-0 start-0 end-0\"><\/a>\n                    <\/div>\n        \n   \t\t\t\t<\/div>\n\t\t\t\t<\/div>\n\t\t\t\t<\/div>\n\t\t<div class=\"elementor-element elementor-element-6e5ebd5 e-con-full e-flex e-con e-child\" data-id=\"6e5ebd5\" data-element_type=\"container\" data-e-type=\"container\">\n\t\t\t\t<div class=\"elementor-element elementor-element-a965452 elementor-widget elementor-widget-Houzez_Banner_Image\" data-id=\"a965452\" data-element_type=\"widget\" data-e-type=\"widget\" data-widget_type=\"Houzez_Banner_Image.default\">\n\t\t\t\t<div class=\"elementor-widget-container\">\n\t\t\t\t\t\n        <div class=\"banner-image-module d-flex justify-content-center align-items-center\">\n                        <div class=\"banner-image-content-wrap p-4 text-center\">\n                <a>Villas : +1m\u20ac<\/a>\n            <\/div>\n                        \n            <img decoding=\"async\" class=\"img-fluid\" src=\"https:\/\/sunnysteve.com\/wp-content\/uploads\/2024\/08\/2-Bedroom-semi-detached-villa-with-swimming-pool-in-Luz-Lagos-Portugal-1.jpg\" alt=\"\">\n                            <a href=\"https:\/\/www.casafari.com\/estate\/sharepage\/69e78811bf0a25ac4e04b4ab\" class=\"banner-image-module-link w-100 h-100 top-0 bottom-0 start-0 end-0\"><\/a>\n                    <\/div>\n        \n   \t\t\t\t<\/div>\n\t\t\t\t<\/div>\n\t\t\t\t<\/div>\n\t\t\t\t<\/div>\n\t\t\t\t\t<\/div>\n\t\t\t\t<\/div>\n\t\t\t\t<\/div>\n\t\t","protected":false},"excerpt":{"rendered":"<p>Notre s\u00e9lection de propri\u00e9t\u00e9s tri\u00e9es sur le volet Appartements : -500k Appartements : 500k- 1m\u20ac Villas : 500k-1m\u20ac Villas : +1m\u20ac<\/p>\n","protected":false},"author":6,"featured_media":0,"parent":0,"menu_order":0,"comment_status":"closed","ping_status":"closed","template":"elementor_header_footer","meta":{"_eb_attr":"","footnotes":""},"class_list":["post-99502","page","type-page","status-publish","hentry"],"aioseo_notices":[],"aioseo_head":"\n\t\t<!-- All in One SEO Pro 4.9.6.2 - aioseo.com -->\n\t<meta name=\"description\" content=\"Notre s\u00e9lection de propri\u00e9t\u00e9s tri\u00e9es sur le volet Appartements : -500k Appartements : 500k- 1m\u20ac Villas : 500k-1m\u20ac Villas : +1m\u20ac\" \/>\n\t<meta name=\"robots\" content=\"max-image-preview:large\" \/>\n\t<meta name=\"google-site-verification\" content=\"6Spa-o41CcNSMq81uVrBXskB-BVQKssFNgXlgComdWc\" \/>\n\t<link rel=\"canonical\" href=\"https:\/\/sunnysteve.com\/fr\/tries-sur-le-volet\/\" \/>\n\t<meta name=\"generator\" content=\"All in One SEO Pro (AIOSEO) 4.9.6.2\" \/>\n\t\t<meta property=\"og:locale\" content=\"fr_FR\" \/>\n\t\t<meta property=\"og:site_name\" content=\"SunnySteve | Lagos &amp; Algarve Real Estate \u00bb We help International buyers find home in the Algarve\" \/>\n\t\t<meta property=\"og:type\" content=\"website\" \/>\n\t\t<meta property=\"og:title\" content=\"Tri\u00e9s sur le volet\" \/>\n\t\t<meta property=\"og:description\" content=\"Notre s\u00e9lection de propri\u00e9t\u00e9s tri\u00e9es sur le volet Appartements : -500k Appartements : 500k- 1m\u20ac Villas : 500k-1m\u20ac Villas : +1m\u20ac\" \/>\n\t\t<meta property=\"og:url\" content=\"https:\/\/sunnysteve.com\/fr\/tries-sur-le-volet\/\" \/>\n\t\t<meta property=\"og:image\" content=\"https:\/\/sunnysteve.com\/wp-content\/uploads\/2026\/02\/Logo-SunnySteve-eXp-4-3.png\" \/>\n\t\t<meta property=\"og:image:secure_url\" content=\"https:\/\/sunnysteve.com\/wp-content\/uploads\/2026\/02\/Logo-SunnySteve-eXp-4-3.png\" \/>\n\t\t<meta property=\"og:image:width\" content=\"1920\" \/>\n\t\t<meta property=\"og:image:height\" content=\"1440\" \/>\n\t\t<meta name=\"twitter:card\" content=\"summary_large_image\" \/>\n\t\t<meta name=\"twitter:site\" content=\"@sunnysteve_real\" \/>\n\t\t<meta name=\"twitter:title\" content=\"Tri\u00e9s sur le volet\" \/>\n\t\t<meta name=\"twitter:description\" content=\"Notre s\u00e9lection de propri\u00e9t\u00e9s tri\u00e9es sur le volet Appartements : -500k Appartements : 500k- 1m\u20ac Villas : 500k-1m\u20ac Villas : +1m\u20ac\" \/>\n\t\t<meta name=\"twitter:creator\" content=\"@sunnysteve_real\" \/>\n\t\t<meta name=\"twitter:image\" content=\"https:\/\/sunnysteve.com\/wp-content\/uploads\/2026\/02\/Logo-SunnySteve-eXp-4-3.png\" \/>\n\t\t<script type=\"application\/ld+json\" class=\"aioseo-schema\">\n\t\t\t{\"@context\":\"https:\\\/\\\/schema.org\",\"@graph\":[{\"@type\":\"BreadcrumbList\",\"@id\":\"https:\\\/\\\/sunnysteve.com\\\/fr\\\/tries-sur-le-volet\\\/#breadcrumblist\",\"itemListElement\":[{\"@type\":\"ListItem\",\"@id\":\"https:\\\/\\\/sunnysteve.com\\\/fr\\\/#listItem\",\"position\":1,\"name\":\"Home\",\"item\":\"https:\\\/\\\/sunnysteve.com\\\/fr\\\/\",\"nextItem\":{\"@type\":\"ListItem\",\"@id\":\"https:\\\/\\\/sunnysteve.com\\\/fr\\\/tries-sur-le-volet\\\/#listItem\",\"name\":\"Tri\\u00e9s sur le volet\"}},{\"@type\":\"ListItem\",\"@id\":\"https:\\\/\\\/sunnysteve.com\\\/fr\\\/tries-sur-le-volet\\\/#listItem\",\"position\":2,\"name\":\"Tri\\u00e9s sur le volet\",\"previousItem\":{\"@type\":\"ListItem\",\"@id\":\"https:\\\/\\\/sunnysteve.com\\\/fr\\\/#listItem\",\"name\":\"Home\"}}]},{\"@type\":\"Organization\",\"@id\":\"https:\\\/\\\/sunnysteve.com\\\/fr\\\/#organization\",\"name\":\"SunnySteve | Lagos &amp; Algarve Real Estate\",\"description\":\"Twenty years of real estate mastery, now focused on Portugal's Western Algarve. SunnySteve guides expats and international clients through buying and selling in Lagos and along the surrounding coast, in English, French, Dutch and Portuguese. Brokered by eXp Realty.\",\"url\":\"https:\\\/\\\/sunnysteve.com\\\/fr\\\/\",\"email\":\"info@sunnysteve.com\",\"telephone\":\"+351934916657\",\"logo\":{\"@type\":\"ImageObject\",\"url\":\"https:\\\/\\\/sunnysteve.com\\\/wp-content\\\/uploads\\\/2025\\\/05\\\/Sunny-Steve-Logo-2025-Blue.png\",\"@id\":\"https:\\\/\\\/sunnysteve.com\\\/fr\\\/tries-sur-le-volet\\\/#organizationLogo\"},\"image\":{\"@id\":\"https:\\\/\\\/sunnysteve.com\\\/fr\\\/tries-sur-le-volet\\\/#organizationLogo\"},\"sameAs\":[\"https:\\\/\\\/www.facebook.com\\\/sunnysteverealestate\",\"https:\\\/\\\/x.com\\\/sunnysteve_real\",\"https:\\\/\\\/www.instagram.com\\\/sunnysteve_realestate\",\"https:\\\/\\\/www.tiktok.com\\\/@sunnysteve_realestate\",\"https:\\\/\\\/www.youtube.com\\\/@sunnysteve_realestate\",\"https:\\\/\\\/www.linkedin.com\\\/in\\\/stevemarque\\\/\"],\"address\":{\"@id\":\"https:\\\/\\\/sunnysteve.com\\\/fr\\\/#postaladdress\",\"@type\":\"PostalAddress\",\"streetAddress\":\"Rua Mario de Sa Carneiro 2,\",\"postalCode\":\"8600-288\",\"addressLocality\":\"Lagos\",\"addressRegion\":\"Faro\",\"addressCountry\":\"PT\"},\"vatID\":\"518631885\"},{\"@type\":\"WebPage\",\"@id\":\"https:\\\/\\\/sunnysteve.com\\\/fr\\\/tries-sur-le-volet\\\/#webpage\",\"url\":\"https:\\\/\\\/sunnysteve.com\\\/fr\\\/tries-sur-le-volet\\\/\",\"name\":\"Tri\\u00e9s sur le volet\",\"description\":\"Notre s\\u00e9lection de propri\\u00e9t\\u00e9s tri\\u00e9es sur le volet Appartements : -500k Appartements : 500k- 1m\\u20ac Villas : 500k-1m\\u20ac Villas : +1m\\u20ac\",\"inLanguage\":\"fr-FR\",\"isPartOf\":{\"@id\":\"https:\\\/\\\/sunnysteve.com\\\/fr\\\/#website\"},\"breadcrumb\":{\"@id\":\"https:\\\/\\\/sunnysteve.com\\\/fr\\\/tries-sur-le-volet\\\/#breadcrumblist\"},\"datePublished\":\"2026-04-21T12:36:47+01:00\",\"dateModified\":\"2026-04-22T15:14:30+01:00\"},{\"@type\":\"WebSite\",\"@id\":\"https:\\\/\\\/sunnysteve.com\\\/fr\\\/#website\",\"url\":\"https:\\\/\\\/sunnysteve.com\\\/fr\\\/\",\"name\":\"SunnySteve - Lagos &amp; Algarve Real Estate\",\"alternateName\":\"Steve Marqu\\u00e9\",\"description\":\"We help International buyers find home in the Algarve\",\"inLanguage\":\"fr-FR\",\"publisher\":{\"@id\":\"https:\\\/\\\/sunnysteve.com\\\/fr\\\/#organization\"}}]}\n\t\t<\/script>\n\t\t<!-- All in One SEO Pro -->\r\n\t\t<title>Tri\u00e9s sur le volet<\/title>\n\n","aioseo_head_json":{"title":"Tri\u00e9s sur le volet","description":"Notre s\u00e9lection de propri\u00e9t\u00e9s tri\u00e9es sur le volet Appartements : -500k Appartements : 500k- 1m\u20ac Villas : 500k-1m\u20ac Villas : +1m\u20ac","canonical_url":"https:\/\/sunnysteve.com\/fr\/tries-sur-le-volet\/","robots":"max-image-preview:large","keywords":"","webmasterTools":{"google-site-verification":"6Spa-o41CcNSMq81uVrBXskB-BVQKssFNgXlgComdWc","miscellaneous":""},"schema":{"@context":"https:\/\/schema.org","@graph":[{"@type":"BreadcrumbList","@id":"https:\/\/sunnysteve.com\/fr\/tries-sur-le-volet\/#breadcrumblist","itemListElement":[{"@type":"ListItem","@id":"https:\/\/sunnysteve.com\/fr\/#listItem","position":1,"name":"Home","item":"https:\/\/sunnysteve.com\/fr\/","nextItem":{"@type":"ListItem","@id":"https:\/\/sunnysteve.com\/fr\/tries-sur-le-volet\/#listItem","name":"Tri\u00e9s sur le volet"}},{"@type":"ListItem","@id":"https:\/\/sunnysteve.com\/fr\/tries-sur-le-volet\/#listItem","position":2,"name":"Tri\u00e9s sur le volet","previousItem":{"@type":"ListItem","@id":"https:\/\/sunnysteve.com\/fr\/#listItem","name":"Home"}}]},{"@type":"Organization","@id":"https:\/\/sunnysteve.com\/fr\/#organization","name":"SunnySteve | Lagos &amp; Algarve Real Estate","description":"Twenty years of real estate mastery, now focused on Portugal's Western Algarve. SunnySteve guides expats and international clients through buying and selling in Lagos and along the surrounding coast, in English, French, Dutch and Portuguese. Brokered by eXp Realty.","url":"https:\/\/sunnysteve.com\/fr\/","email":"info@sunnysteve.com","telephone":"+351934916657","logo":{"@type":"ImageObject","url":"https:\/\/sunnysteve.com\/wp-content\/uploads\/2025\/05\/Sunny-Steve-Logo-2025-Blue.png","@id":"https:\/\/sunnysteve.com\/fr\/tries-sur-le-volet\/#organizationLogo"},"image":{"@id":"https:\/\/sunnysteve.com\/fr\/tries-sur-le-volet\/#organizationLogo"},"sameAs":["https:\/\/www.facebook.com\/sunnysteverealestate","https:\/\/x.com\/sunnysteve_real","https:\/\/www.instagram.com\/sunnysteve_realestate","https:\/\/www.tiktok.com\/@sunnysteve_realestate","https:\/\/www.youtube.com\/@sunnysteve_realestate","https:\/\/www.linkedin.com\/in\/stevemarque\/"],"address":{"@id":"https:\/\/sunnysteve.com\/fr\/#postaladdress","@type":"PostalAddress","streetAddress":"Rua Mario de Sa Carneiro 2,","postalCode":"8600-288","addressLocality":"Lagos","addressRegion":"Faro","addressCountry":"PT"},"vatID":"518631885"},{"@type":"WebPage","@id":"https:\/\/sunnysteve.com\/fr\/tries-sur-le-volet\/#webpage","url":"https:\/\/sunnysteve.com\/fr\/tries-sur-le-volet\/","name":"Tri\u00e9s sur le volet","description":"Notre s\u00e9lection de propri\u00e9t\u00e9s tri\u00e9es sur le volet Appartements : -500k Appartements : 500k- 1m\u20ac Villas : 500k-1m\u20ac Villas : +1m\u20ac","inLanguage":"fr-FR","isPartOf":{"@id":"https:\/\/sunnysteve.com\/fr\/#website"},"breadcrumb":{"@id":"https:\/\/sunnysteve.com\/fr\/tries-sur-le-volet\/#breadcrumblist"},"datePublished":"2026-04-21T12:36:47+01:00","dateModified":"2026-04-22T15:14:30+01:00"},{"@type":"WebSite","@id":"https:\/\/sunnysteve.com\/fr\/#website","url":"https:\/\/sunnysteve.com\/fr\/","name":"SunnySteve - Lagos &amp; Algarve Real Estate","alternateName":"Steve Marqu\u00e9","description":"We help International buyers find home in the Algarve","inLanguage":"fr-FR","publisher":{"@id":"https:\/\/sunnysteve.com\/fr\/#organization"}}]},"og:locale":"fr_FR","og:site_name":"SunnySteve | Lagos &amp; Algarve Real Estate \u00bb We help International buyers find home in the Algarve","og:type":"website","og:title":"Tri\u00e9s sur le volet","og:description":"Notre s\u00e9lection de propri\u00e9t\u00e9s tri\u00e9es sur le volet Appartements : -500k Appartements : 500k- 1m\u20ac Villas : 500k-1m\u20ac Villas : +1m\u20ac","og:url":"https:\/\/sunnysteve.com\/fr\/tries-sur-le-volet\/","og:image":"https:\/\/sunnysteve.com\/wp-content\/uploads\/2026\/02\/Logo-SunnySteve-eXp-4-3.png","og:image:secure_url":"https:\/\/sunnysteve.com\/wp-content\/uploads\/2026\/02\/Logo-SunnySteve-eXp-4-3.png","og:image:width":1920,"og:image:height":1440,"twitter:card":"summary_large_image","twitter:site":"@sunnysteve_real","twitter:title":"Tri\u00e9s sur le volet","twitter:description":"Notre s\u00e9lection de propri\u00e9t\u00e9s tri\u00e9es sur le volet Appartements : -500k Appartements : 500k- 1m\u20ac Villas : 500k-1m\u20ac Villas : +1m\u20ac","twitter:creator":"@sunnysteve_real","twitter:image":"https:\/\/sunnysteve.com\/wp-content\/uploads\/2026\/02\/Logo-SunnySteve-eXp-4-3.png"},"aioseo_meta_data":{"post_id":"99502","title":null,"description":null,"keywords":null,"keyphrases":{"focus":{"keyphrase":"","score":0,"analysis":{"keyphraseInTitle":{"score":0,"maxScore":9,"error":1}}},"additional":[]},"primary_term":null,"canonical_url":null,"og_title":null,"og_description":null,"og_object_type":"default","og_image_type":"default","og_image_url":null,"og_image_width":null,"og_image_height":null,"og_image_custom_url":null,"og_image_custom_fields":null,"og_video":"","og_custom_url":null,"og_article_section":null,"og_article_tags":null,"twitter_use_og":false,"twitter_card":"default","twitter_image_type":"default","twitter_image_url":null,"twitter_image_custom_url":null,"twitter_image_custom_fields":null,"twitter_title":null,"twitter_description":null,"schema":{"blockGraphs":[],"customGraphs":[],"default":{"data":{"Article":[],"Course":[],"Dataset":[],"FAQPage":[],"Movie":[],"Person":[],"Product":[],"ProductReview":[],"Car":[],"Recipe":[],"Service":[],"SoftwareApplication":[],"WebPage":[]},"graphName":"WebPage","isEnabled":true},"graphs":[]},"schema_type":"default","schema_type_options":null,"pillar_content":false,"robots_default":true,"robots_noindex":false,"robots_noarchive":false,"robots_nosnippet":false,"robots_nofollow":false,"robots_noimageindex":false,"robots_noodp":false,"robots_notranslate":false,"robots_max_snippet":"-1","robots_max_videopreview":"-1","robots_max_imagepreview":"large","priority":null,"frequency":"default","local_seo":null,"seo_analyzer_scan_date":"2026-04-22 15:09:55","breadcrumb_settings":null,"limit_modified_date":false,"reviewed_by":"0","open_ai":null,"ai":{"faqs":[],"keyPoints":[],"schemas":[],"titles":[],"descriptions":[],"socialPosts":{"email":[],"linkedin":[],"twitter":[],"facebook":[],"instagram":[]}},"created":"2026-04-22 14:14:26","updated":"2026-04-22 15:09:55"},"aioseo_breadcrumb":"<div class=\"aioseo-breadcrumbs\"><span class=\"aioseo-breadcrumb\">\n\t<a href=\"https:\/\/sunnysteve.com\/fr\/\" title=\"Home\">Home<\/a>\n<\/span><span class=\"aioseo-breadcrumb-separator\">\u00bb<\/span><span class=\"aioseo-breadcrumb\">\n\tTri\u00e9s sur le volet\n<\/span><\/div>","aioseo_breadcrumb_json":[{"label":"Home","link":"https:\/\/sunnysteve.com\/fr\/"},{"label":"Tri\u00e9s sur le volet","link":"https:\/\/sunnysteve.com\/fr\/tries-sur-le-volet\/"}],"_links":{"self":[{"href":"https:\/\/sunnysteve.com\/fr\/wp-json\/wp\/v2\/pages\/99502","targetHints":{"allow":["GET"]}}],"collection":[{"href":"https:\/\/sunnysteve.com\/fr\/wp-json\/wp\/v2\/pages"}],"about":[{"href":"https:\/\/sunnysteve.com\/fr\/wp-json\/wp\/v2\/types\/page"}],"author":[{"embeddable":true,"href":"https:\/\/sunnysteve.com\/fr\/wp-json\/wp\/v2\/users\/6"}],"replies":[{"embeddable":true,"href":"https:\/\/sunnysteve.com\/fr\/wp-json\/wp\/v2\/comments?post=99502"}],"version-history":[{"count":1,"href":"https:\/\/sunnysteve.com\/fr\/wp-json\/wp\/v2\/pages\/99502\/revisions"}],"predecessor-version":[{"id":99504,"href":"https:\/\/sunnysteve.com\/fr\/wp-json\/wp\/v2\/pages\/99502\/revisions\/99504"}],"wp:attachment":[{"href":"https:\/\/sunnysteve.com\/fr\/wp-json\/wp\/v2\/media?parent=99502"}],"curies":[{"name":"wp","href":"https:\/\/api.w.org\/{rel}","templated":true}]}}