{"id":99499,"date":"2026-04-20T14:57:55","date_gmt":"2026-04-20T13:57:55","guid":{"rendered":"https:\/\/sunnysteve.com\/livre\/"},"modified":"2026-04-22T15:14:48","modified_gmt":"2026-04-22T14:14:48","slug":"livre","status":"publish","type":"page","link":"https:\/\/sunnysteve.com\/fr\/livre\/","title":{"rendered":"Livre"},"content":{"rendered":"\n<meta name=\"robots\" content=\"noindex,nofollow\"\/>\n<div style=\"text-align:center;padding:4rem 1rem;font-family:-apple-system,BlinkMacSystemFont,'Segoe UI',sans-serif;\">\n  <h1 style=\"font-size:1.5rem;margin-bottom:1rem;\">Vous redirigeant vers le calendrier de r\u00e9servation&#8230;<\/h1>\n  <p style=\"margin-bottom:1.5rem;color:#555;\">Veuillez patienter un instant.<\/p>\n  <p><a href=\"https:\/\/calendar.google.com\/calendar\/u\/0\/appointments\/schedules\/AcZssZ2gubkRjpnDJWVexouJ3oMrK_N_Cx8uiDb1F2m--T0K12ANTbJyPIWFwTK-rd502lOUPL54jvHf\" style=\"display:inline-block;padding:0.8rem 1.5rem;background:#0073aa;color:#fff;text-decoration:none;border-radius:4px;\">Si la page n&#8217;est pas redirig\u00e9e, cliquez ici pour r\u00e9server avec Steve.<\/a><\/p>\n<\/div>\n<script>\n  (function() {\n    var target = 'https:\/\/calendar.google.com\/calendar\/u\/0\/appointments\/schedules\/AcZssZ2gubkRjpnDJWVexouJ3oMrK_N_Cx8uiDb1F2m--T0K12ANTbJyPIWFwTK-rd502lOUPL54jvHf';\n    function go() { setTimeout(function(){ window.location.replace(target); }, 400); }\n    if (document.readyState === 'loading') {\n      document.addEventListener('DOMContentLoaded', go);\n    } else {\n      go();\n    }\n  })();\n<\/script>\n","protected":false},"excerpt":{"rendered":"<p>Vous redirigeant vers le calendrier de r\u00e9servation&#8230; Veuillez patienter un instant. Si la page n&#8217;est pas redirig\u00e9e, cliquez ici pour r\u00e9server avec Steve.<\/p>\n","protected":false},"author":6,"featured_media":0,"parent":0,"menu_order":0,"comment_status":"closed","ping_status":"closed","template":"","meta":{"_eb_attr":"","footnotes":""},"class_list":["post-99499","page","type-page","status-publish","hentry"],"aioseo_notices":[],"aioseo_head":"\n\t\t<!-- All in One SEO Pro 4.9.6.2 - aioseo.com -->\n\t<meta name=\"description\" content=\"Vous redirigeant vers le calendrier de r\u00e9servation... Veuillez patienter un instant. Si la page n&#039;est pas redirig\u00e9e, cliquez ici pour r\u00e9server avec Steve.\" \/>\n\t<meta name=\"robots\" content=\"noindex, max-snippet:-1, max-image-preview:large, max-video-preview:-1\" \/>\n\t<meta name=\"google-site-verification\" content=\"6Spa-o41CcNSMq81uVrBXskB-BVQKssFNgXlgComdWc\" \/>\n\t<link rel=\"canonical\" href=\"https:\/\/sunnysteve.com\/fr\/livre\/\" \/>\n\t<meta name=\"generator\" content=\"All in One SEO Pro (AIOSEO) 4.9.6.2\" \/>\n\t\t<meta property=\"og:locale\" content=\"fr_FR\" \/>\n\t\t<meta property=\"og:site_name\" content=\"SunnySteve | Lagos &amp; Algarve Real Estate \u00bb We help International buyers find home in the Algarve\" \/>\n\t\t<meta property=\"og:type\" content=\"website\" \/>\n\t\t<meta property=\"og:title\" content=\"Livre\" \/>\n\t\t<meta property=\"og:description\" content=\"Vous redirigeant vers le calendrier de r\u00e9servation... Veuillez patienter un instant. Si la page n&#039;est pas redirig\u00e9e, cliquez ici pour r\u00e9server avec Steve.\" \/>\n\t\t<meta property=\"og:url\" content=\"https:\/\/sunnysteve.com\/fr\/livre\/\" \/>\n\t\t<meta property=\"og:image\" content=\"https:\/\/sunnysteve.com\/wp-content\/uploads\/2026\/02\/Logo-SunnySteve-eXp-4-3.png\" \/>\n\t\t<meta property=\"og:image:secure_url\" content=\"https:\/\/sunnysteve.com\/wp-content\/uploads\/2026\/02\/Logo-SunnySteve-eXp-4-3.png\" \/>\n\t\t<meta property=\"og:image:width\" content=\"1920\" \/>\n\t\t<meta property=\"og:image:height\" content=\"1440\" \/>\n\t\t<meta name=\"twitter:card\" content=\"summary_large_image\" \/>\n\t\t<meta name=\"twitter:site\" content=\"@sunnysteve_real\" \/>\n\t\t<meta name=\"twitter:title\" content=\"Livre\" \/>\n\t\t<meta name=\"twitter:description\" content=\"Vous redirigeant vers le calendrier de r\u00e9servation... Veuillez patienter un instant. Si la page n&#039;est pas redirig\u00e9e, cliquez ici pour r\u00e9server avec Steve.\" \/>\n\t\t<meta name=\"twitter:creator\" content=\"@sunnysteve_real\" \/>\n\t\t<meta name=\"twitter:image\" content=\"https:\/\/sunnysteve.com\/wp-content\/uploads\/2026\/02\/Logo-SunnySteve-eXp-4-3.png\" \/>\n\t\t<script type=\"application\/ld+json\" class=\"aioseo-schema\">\n\t\t\t{\"@context\":\"https:\\\/\\\/schema.org\",\"@graph\":[{\"@type\":\"BreadcrumbList\",\"@id\":\"https:\\\/\\\/sunnysteve.com\\\/fr\\\/livre\\\/#breadcrumblist\",\"itemListElement\":[{\"@type\":\"ListItem\",\"@id\":\"https:\\\/\\\/sunnysteve.com\\\/fr\\\/#listItem\",\"position\":1,\"name\":\"Home\",\"item\":\"https:\\\/\\\/sunnysteve.com\\\/fr\\\/\",\"nextItem\":{\"@type\":\"ListItem\",\"@id\":\"https:\\\/\\\/sunnysteve.com\\\/fr\\\/livre\\\/#listItem\",\"name\":\"Livre\"}},{\"@type\":\"ListItem\",\"@id\":\"https:\\\/\\\/sunnysteve.com\\\/fr\\\/livre\\\/#listItem\",\"position\":2,\"name\":\"Livre\",\"previousItem\":{\"@type\":\"ListItem\",\"@id\":\"https:\\\/\\\/sunnysteve.com\\\/fr\\\/#listItem\",\"name\":\"Home\"}}]},{\"@type\":\"Organization\",\"@id\":\"https:\\\/\\\/sunnysteve.com\\\/fr\\\/#organization\",\"name\":\"SunnySteve | Lagos &amp; Algarve Real Estate\",\"description\":\"Twenty years of real estate mastery, now focused on Portugal's Western Algarve. SunnySteve guides expats and international clients through buying and selling in Lagos and along the surrounding coast, in English, French, Dutch and Portuguese. Brokered by eXp Realty.\",\"url\":\"https:\\\/\\\/sunnysteve.com\\\/fr\\\/\",\"email\":\"info@sunnysteve.com\",\"telephone\":\"+351934916657\",\"logo\":{\"@type\":\"ImageObject\",\"url\":\"https:\\\/\\\/sunnysteve.com\\\/wp-content\\\/uploads\\\/2025\\\/05\\\/Sunny-Steve-Logo-2025-Blue.png\",\"@id\":\"https:\\\/\\\/sunnysteve.com\\\/fr\\\/livre\\\/#organizationLogo\"},\"image\":{\"@id\":\"https:\\\/\\\/sunnysteve.com\\\/fr\\\/livre\\\/#organizationLogo\"},\"sameAs\":[\"https:\\\/\\\/www.facebook.com\\\/sunnysteverealestate\",\"https:\\\/\\\/x.com\\\/sunnysteve_real\",\"https:\\\/\\\/www.instagram.com\\\/sunnysteve_realestate\",\"https:\\\/\\\/www.tiktok.com\\\/@sunnysteve_realestate\",\"https:\\\/\\\/www.youtube.com\\\/@sunnysteve_realestate\",\"https:\\\/\\\/www.linkedin.com\\\/in\\\/stevemarque\\\/\"],\"address\":{\"@id\":\"https:\\\/\\\/sunnysteve.com\\\/fr\\\/#postaladdress\",\"@type\":\"PostalAddress\",\"streetAddress\":\"Rua Mario de Sa Carneiro 2,\",\"postalCode\":\"8600-288\",\"addressLocality\":\"Lagos\",\"addressRegion\":\"Faro\",\"addressCountry\":\"PT\"},\"vatID\":\"518631885\"},{\"@type\":\"WebPage\",\"@id\":\"https:\\\/\\\/sunnysteve.com\\\/fr\\\/livre\\\/#webpage\",\"url\":\"https:\\\/\\\/sunnysteve.com\\\/fr\\\/livre\\\/\",\"name\":\"Livre\",\"description\":\"Vous redirigeant vers le calendrier de r\\u00e9servation... Veuillez patienter un instant. Si la page n'est pas redirig\\u00e9e, cliquez ici pour r\\u00e9server avec Steve.\",\"inLanguage\":\"fr-FR\",\"isPartOf\":{\"@id\":\"https:\\\/\\\/sunnysteve.com\\\/fr\\\/#website\"},\"breadcrumb\":{\"@id\":\"https:\\\/\\\/sunnysteve.com\\\/fr\\\/livre\\\/#breadcrumblist\"},\"datePublished\":\"2026-04-20T14:57:55+01:00\",\"dateModified\":\"2026-04-22T15:14:48+01:00\"},{\"@type\":\"WebSite\",\"@id\":\"https:\\\/\\\/sunnysteve.com\\\/fr\\\/#website\",\"url\":\"https:\\\/\\\/sunnysteve.com\\\/fr\\\/\",\"name\":\"SunnySteve - Lagos &amp; Algarve Real Estate\",\"alternateName\":\"Steve Marqu\\u00e9\",\"description\":\"We help International buyers find home in the Algarve\",\"inLanguage\":\"fr-FR\",\"publisher\":{\"@id\":\"https:\\\/\\\/sunnysteve.com\\\/fr\\\/#organization\"}}]}\n\t\t<\/script>\n\t\t<!-- All in One SEO Pro -->\r\n\t\t<title>Livre<\/title>\n\n","aioseo_head_json":{"title":"Livre","description":"Vous redirigeant vers le calendrier de r\u00e9servation... Veuillez patienter un instant. Si la page n'est pas redirig\u00e9e, cliquez ici pour r\u00e9server avec Steve.","canonical_url":"https:\/\/sunnysteve.com\/fr\/livre\/","robots":"noindex, max-snippet:-1, max-image-preview:large, max-video-preview:-1","keywords":"","webmasterTools":{"google-site-verification":"6Spa-o41CcNSMq81uVrBXskB-BVQKssFNgXlgComdWc","miscellaneous":""},"schema":{"@context":"https:\/\/schema.org","@graph":[{"@type":"BreadcrumbList","@id":"https:\/\/sunnysteve.com\/fr\/livre\/#breadcrumblist","itemListElement":[{"@type":"ListItem","@id":"https:\/\/sunnysteve.com\/fr\/#listItem","position":1,"name":"Home","item":"https:\/\/sunnysteve.com\/fr\/","nextItem":{"@type":"ListItem","@id":"https:\/\/sunnysteve.com\/fr\/livre\/#listItem","name":"Livre"}},{"@type":"ListItem","@id":"https:\/\/sunnysteve.com\/fr\/livre\/#listItem","position":2,"name":"Livre","previousItem":{"@type":"ListItem","@id":"https:\/\/sunnysteve.com\/fr\/#listItem","name":"Home"}}]},{"@type":"Organization","@id":"https:\/\/sunnysteve.com\/fr\/#organization","name":"SunnySteve | Lagos &amp; Algarve Real Estate","description":"Twenty years of real estate mastery, now focused on Portugal's Western Algarve. SunnySteve guides expats and international clients through buying and selling in Lagos and along the surrounding coast, in English, French, Dutch and Portuguese. Brokered by eXp Realty.","url":"https:\/\/sunnysteve.com\/fr\/","email":"info@sunnysteve.com","telephone":"+351934916657","logo":{"@type":"ImageObject","url":"https:\/\/sunnysteve.com\/wp-content\/uploads\/2025\/05\/Sunny-Steve-Logo-2025-Blue.png","@id":"https:\/\/sunnysteve.com\/fr\/livre\/#organizationLogo"},"image":{"@id":"https:\/\/sunnysteve.com\/fr\/livre\/#organizationLogo"},"sameAs":["https:\/\/www.facebook.com\/sunnysteverealestate","https:\/\/x.com\/sunnysteve_real","https:\/\/www.instagram.com\/sunnysteve_realestate","https:\/\/www.tiktok.com\/@sunnysteve_realestate","https:\/\/www.youtube.com\/@sunnysteve_realestate","https:\/\/www.linkedin.com\/in\/stevemarque\/"],"address":{"@id":"https:\/\/sunnysteve.com\/fr\/#postaladdress","@type":"PostalAddress","streetAddress":"Rua Mario de Sa Carneiro 2,","postalCode":"8600-288","addressLocality":"Lagos","addressRegion":"Faro","addressCountry":"PT"},"vatID":"518631885"},{"@type":"WebPage","@id":"https:\/\/sunnysteve.com\/fr\/livre\/#webpage","url":"https:\/\/sunnysteve.com\/fr\/livre\/","name":"Livre","description":"Vous redirigeant vers le calendrier de r\u00e9servation... Veuillez patienter un instant. Si la page n'est pas redirig\u00e9e, cliquez ici pour r\u00e9server avec Steve.","inLanguage":"fr-FR","isPartOf":{"@id":"https:\/\/sunnysteve.com\/fr\/#website"},"breadcrumb":{"@id":"https:\/\/sunnysteve.com\/fr\/livre\/#breadcrumblist"},"datePublished":"2026-04-20T14:57:55+01:00","dateModified":"2026-04-22T15:14:48+01:00"},{"@type":"WebSite","@id":"https:\/\/sunnysteve.com\/fr\/#website","url":"https:\/\/sunnysteve.com\/fr\/","name":"SunnySteve - Lagos &amp; Algarve Real Estate","alternateName":"Steve Marqu\u00e9","description":"We help International buyers find home in the Algarve","inLanguage":"fr-FR","publisher":{"@id":"https:\/\/sunnysteve.com\/fr\/#organization"}}]},"og:locale":"fr_FR","og:site_name":"SunnySteve | Lagos &amp; Algarve Real Estate \u00bb We help International buyers find home in the Algarve","og:type":"website","og:title":"Livre","og:description":"Vous redirigeant vers le calendrier de r\u00e9servation... Veuillez patienter un instant. Si la page n'est pas redirig\u00e9e, cliquez ici pour r\u00e9server avec Steve.","og:url":"https:\/\/sunnysteve.com\/fr\/livre\/","og:image":"https:\/\/sunnysteve.com\/wp-content\/uploads\/2026\/02\/Logo-SunnySteve-eXp-4-3.png","og:image:secure_url":"https:\/\/sunnysteve.com\/wp-content\/uploads\/2026\/02\/Logo-SunnySteve-eXp-4-3.png","og:image:width":1920,"og:image:height":1440,"twitter:card":"summary_large_image","twitter:site":"@sunnysteve_real","twitter:title":"Livre","twitter:description":"Vous redirigeant vers le calendrier de r\u00e9servation... Veuillez patienter un instant. Si la page n'est pas redirig\u00e9e, cliquez ici pour r\u00e9server avec Steve.","twitter:creator":"@sunnysteve_real","twitter:image":"https:\/\/sunnysteve.com\/wp-content\/uploads\/2026\/02\/Logo-SunnySteve-eXp-4-3.png"},"aioseo_meta_data":{"post_id":"99499","title":null,"description":null,"keywords":null,"keyphrases":{"focus":{"keyphrase":"","score":0,"analysis":{"keyphraseInTitle":{"score":0,"maxScore":9,"error":1}}},"additional":[]},"primary_term":null,"canonical_url":null,"og_title":null,"og_description":null,"og_object_type":"default","og_image_type":"default","og_image_url":null,"og_image_width":null,"og_image_height":null,"og_image_custom_url":null,"og_image_custom_fields":null,"og_video":"","og_custom_url":null,"og_article_section":null,"og_article_tags":null,"twitter_use_og":false,"twitter_card":"default","twitter_image_type":"default","twitter_image_url":null,"twitter_image_custom_url":null,"twitter_image_custom_fields":null,"twitter_title":null,"twitter_description":null,"schema":{"blockGraphs":[],"customGraphs":[],"default":{"data":{"Article":[],"Course":[],"Dataset":[],"FAQPage":[],"Movie":[],"Person":[],"Product":[],"ProductReview":[],"Car":[],"Recipe":[],"Service":[],"SoftwareApplication":[],"WebPage":[]},"graphName":"WebPage","isEnabled":true},"graphs":[]},"schema_type":"default","schema_type_options":null,"pillar_content":false,"robots_default":false,"robots_noindex":true,"robots_noarchive":false,"robots_nosnippet":false,"robots_nofollow":false,"robots_noimageindex":false,"robots_noodp":false,"robots_notranslate":false,"robots_max_snippet":"-1","robots_max_videopreview":"-1","robots_max_imagepreview":"large","priority":null,"frequency":"default","local_seo":null,"seo_analyzer_scan_date":"2026-04-22 15:08:11","breadcrumb_settings":null,"limit_modified_date":false,"reviewed_by":"0","open_ai":null,"ai":{"faqs":[],"keyPoints":[],"schemas":[],"titles":[],"descriptions":[],"socialPosts":{"email":[],"linkedin":[],"twitter":[],"facebook":[],"instagram":[]}},"created":"2026-04-22 14:14:25","updated":"2026-04-22 15:08:11"},"aioseo_breadcrumb":"<div class=\"aioseo-breadcrumbs\"><span class=\"aioseo-breadcrumb\">\n\t<a href=\"https:\/\/sunnysteve.com\/fr\/\" title=\"Home\">Home<\/a>\n<\/span><span class=\"aioseo-breadcrumb-separator\">\u00bb<\/span><span class=\"aioseo-breadcrumb\">\n\tLivre\n<\/span><\/div>","aioseo_breadcrumb_json":[{"label":"Home","link":"https:\/\/sunnysteve.com\/fr\/"},{"label":"Livre","link":"https:\/\/sunnysteve.com\/fr\/livre\/"}],"_links":{"self":[{"href":"https:\/\/sunnysteve.com\/fr\/wp-json\/wp\/v2\/pages\/99499","targetHints":{"allow":["GET"]}}],"collection":[{"href":"https:\/\/sunnysteve.com\/fr\/wp-json\/wp\/v2\/pages"}],"about":[{"href":"https:\/\/sunnysteve.com\/fr\/wp-json\/wp\/v2\/types\/page"}],"author":[{"embeddable":true,"href":"https:\/\/sunnysteve.com\/fr\/wp-json\/wp\/v2\/users\/6"}],"replies":[{"embeddable":true,"href":"https:\/\/sunnysteve.com\/fr\/wp-json\/wp\/v2\/comments?post=99499"}],"version-history":[{"count":1,"href":"https:\/\/sunnysteve.com\/fr\/wp-json\/wp\/v2\/pages\/99499\/revisions"}],"predecessor-version":[{"id":99500,"href":"https:\/\/sunnysteve.com\/fr\/wp-json\/wp\/v2\/pages\/99499\/revisions\/99500"}],"wp:attachment":[{"href":"https:\/\/sunnysteve.com\/fr\/wp-json\/wp\/v2\/media?parent=99499"}],"curies":[{"name":"wp","href":"https:\/\/api.w.org\/{rel}","templated":true}]}}