{"id":54077,"date":"2025-06-21T08:54:46","date_gmt":"2025-06-21T07:54:46","guid":{"rendered":"https:\/\/sunnysteve.com\/proprietes-avec-vue-sur-mer-a-lagos-et-dans-louest-de-lalgarve\/"},"modified":"2026-02-20T07:33:29","modified_gmt":"2026-02-20T07:33:29","slug":"proprietes-avec-vue-sur-mer-a-lagos-et-dans-louest-de-lalgarve","status":"publish","type":"page","link":"https:\/\/sunnysteve.com\/fr\/proprietes-avec-vue-sur-mer-a-lagos-et-dans-louest-de-lalgarve\/","title":{"rendered":"Propri\u00e9t\u00e9s avec vue sur mer \u00e0 Lagos et dans l&#8217;ouest de l&#8217;Algarve"},"content":{"rendered":"\t\t<div data-elementor-type=\"wp-page\" data-elementor-id=\"54077\" class=\"elementor elementor-54077 elementor-52441\" data-elementor-post-type=\"page\">\n\t\t\t\t<div class=\"elementor-element elementor-element-a133bdf e-flex e-con-boxed e-con e-parent\" data-id=\"a133bdf\" data-element_type=\"container\" data-e-type=\"container\">\n\t\t\t\t\t<div class=\"e-con-inner\">\n\t\t\t\t<div class=\"elementor-element elementor-element-2a4d46d houzez-nav-menu-align-center houzez-menu-divider-yes elementor-widget elementor-widget-houzez_site_menu\" data-id=\"2a4d46d\" data-element_type=\"widget\" data-e-type=\"widget\" data-widget_type=\"houzez_site_menu.default\">\n\t\t\t\t<div class=\"elementor-widget-container\">\n\t\t\t\t\t\n     \t        <div class=\"houzez-ele-menu-2a4d46d houzez-nav-menu-main-desktop-wrap houzez-hide-menu-tablet hz-show-menu-desktop \">\n\t    \t<nav class=\"main-ele-nav houzez-nav-menu-main on-hover-menu with-no-icon houzez-nav-menu-layout-horizontal animation-fade pointer-underline\" role=\"navigation\" aria-hidden=\"false\">\n\t\t\t\t<ul id=\"main-nav-2a4d46d\" class=\"navbar-nav houzez-elementor-menu\"><li id=\"menu-item-65717\" class=\"menu-item menu-item-type-post_type menu-item-object-page nav-item menu-item-65717 menu-item-design-default\"><a  class=\"nav-link \" href=\"https:\/\/sunnysteve.com\/fr\/proprietes\/\">TOUTES<\/a> <\/li>\n<li id=\"menu-item-65718\" class=\"menu-item menu-item-type-post_type menu-item-object-page nav-item menu-item-65718 menu-item-design-default\"><a  class=\"nav-link \" href=\"https:\/\/sunnysteve.com\/fr\/proprietes-avec-vue-sur-mer-a-lagos-et-dans-louest-de-lalgarve\/\">VUE MER<\/a> <\/li>\n<li id=\"menu-item-65719\" class=\"menu-item menu-item-type-post_type menu-item-object-page nav-item menu-item-65719 menu-item-design-default\"><a  class=\"nav-link \" href=\"https:\/\/sunnysteve.com\/fr\/proprietes-avec-piscine\/\">PISCINE<\/a> <\/li>\n<li id=\"menu-item-65720\" class=\"menu-item menu-item-type-post_type menu-item-object-page nav-item menu-item-65720 menu-item-design-default\"><a  class=\"nav-link \" href=\"https:\/\/sunnysteve.com\/fr\/biens-immobiliers-pour-investissement-locatif\/\">LOCATIF<\/a> <\/li>\n<li id=\"menu-item-69009\" class=\"menu-item menu-item-type-post_type menu-item-object-page nav-item menu-item-69009 menu-item-design-default\"><a  class=\"nav-link \" href=\"https:\/\/sunnysteve.com\/fr\/nouveaux-developpements\/\">DEVELOPEMENTS<\/a> <\/li>\n<\/ul>\t\t\t<\/nav>\n\t\t<\/div><!-- houzez-nav-menu-main-desktop-wrap -->\n\t\t\n\t\t\t\t<div class=\"houzez-ele-mobile-menu-2a4d46d nav-mobile houzez-show-menu-tablet \">\n\t\t\t\n\t\t\n\t\t\t<div class=\"houzez-menu-toggle-button\" role=\"button\" tabindex=\"0\" aria-label=\"Open menu\" data-bs-toggle=\"offcanvas\" data-bs-target=\"#hz-offcanvas-ele-menu-rAnja\" aria-controls=\"hz-offcanvas-ele-menu-rAnja\" aria-expanded=\"false\">\n\t\t\t\t\t\t\t\t\t<i class=\"houzez-icon icon-navigation-menu hz-navigation-open\"><\/i>\n\t\t\t\t\t\t\t\t<\/div> <!-- .houzez-menu-toggle-button -->\n\t\t\t\n\t\t\t<div class=\"main-nav navbar houzez-elementor-mobile-menu\">\n\t\t\t\t<div class=\"offcanvas offcanvas-start offcanvas-mobile-menu\" tabindex=\"-1\" id=\"hz-offcanvas-ele-menu-rAnja\" aria-labelledby=\"hz-offcanvas-ele-menu-label\">\n\t\t\t\t\t<div class=\"offcanvas-header\">\n\t\t\t\t\t\t<div class=\"offcanvas-title fs-6\" id=\"hz-offcanvas-ele-menu-label\">Menu<\/div>\n\t\t\t\t\t\t<button type=\"button\" class=\"btn-close\" data-bs-dismiss=\"offcanvas\">\n\t\t\t\t\t\t\t<i class=\"houzez-icon icon-close\"><\/i>\n\t\t\t\t\t\t<\/button>\n\t\t\t\t\t<\/div>\n\t\t\t\t\t<div class=\"offcanvas-mobile-menu-body\">\n\t\t\t\t\t\t<ul id=\"main-mobile-nav-2a4d46d\" class=\"navbar-nav mobile-navbar-nav\"><li class=\"menu-item menu-item-type-post_type menu-item-object-page nav-item menu-item-65717 menu-item-design-default\"><a  class=\"nav-link \" href=\"https:\/\/sunnysteve.com\/fr\/proprietes\/\">TOUTES<\/a> <\/li>\n<li class=\"menu-item menu-item-type-post_type menu-item-object-page nav-item menu-item-65718 menu-item-design-default\"><a  class=\"nav-link \" href=\"https:\/\/sunnysteve.com\/fr\/proprietes-avec-vue-sur-mer-a-lagos-et-dans-louest-de-lalgarve\/\">VUE MER<\/a> <\/li>\n<li class=\"menu-item menu-item-type-post_type menu-item-object-page nav-item menu-item-65719 menu-item-design-default\"><a  class=\"nav-link \" href=\"https:\/\/sunnysteve.com\/fr\/proprietes-avec-piscine\/\">PISCINE<\/a> <\/li>\n<li class=\"menu-item menu-item-type-post_type menu-item-object-page nav-item menu-item-65720 menu-item-design-default\"><a  class=\"nav-link \" href=\"https:\/\/sunnysteve.com\/fr\/biens-immobiliers-pour-investissement-locatif\/\">LOCATIF<\/a> <\/li>\n<li class=\"menu-item menu-item-type-post_type menu-item-object-page nav-item menu-item-69009 menu-item-design-default\"><a  class=\"nav-link \" href=\"https:\/\/sunnysteve.com\/fr\/nouveaux-developpements\/\">DEVELOPEMENTS<\/a> <\/li>\n<\/ul>\t\t\t\t\t<\/div>\n\t\t\t\t<\/div>\n\t\t\t<\/div><!-- main-nav -->\n\n\t\t<\/div>\n\t\t\t\t\t\t<\/div>\n\t\t\t\t<\/div>\n\t\t\t\t\t<\/div>\n\t\t\t\t<\/div>\n\t\t\t\t<\/div>\n\t\t","protected":false},"excerpt":{"rendered":"<p>ALL PROPERTIES SEA VIEW SWIMMING POOL RENTAL INVESTMENT NEW DEVELOPMENTS Menu ALL PROPERTIES SEA VIEW SWIMMING POOL RENTAL INVESTMENT NEW DEVELOPMENTS<\/p>\n","protected":false},"author":6,"featured_media":54078,"parent":0,"menu_order":0,"comment_status":"closed","ping_status":"closed","template":"template\/template-listing-grid-v2-fullwidth-3cols.php","meta":{"_eb_attr":"","footnotes":""},"class_list":["post-54077","page","type-page","status-publish","has-post-thumbnail","hentry"],"aioseo_notices":[],"aioseo_head":"\n\t\t<!-- All in One SEO Pro 4.9.6.2 - aioseo.com -->\n\t<meta name=\"description\" content=\"TOUTES VUE MER PISCINE LOCATIF DEVELOPEMENTS Menu TOUTES VUE MER PISCINE LOCATIF DEVELOPEMENTS\" \/>\n\t<meta name=\"robots\" content=\"max-image-preview:large\" \/>\n\t<meta name=\"google-site-verification\" content=\"6Spa-o41CcNSMq81uVrBXskB-BVQKssFNgXlgComdWc\" \/>\n\t<link rel=\"canonical\" href=\"https:\/\/sunnysteve.com\/fr\/proprietes-avec-vue-sur-mer-a-lagos-et-dans-louest-de-lalgarve\/\" \/>\n\t<meta name=\"generator\" content=\"All in One SEO Pro (AIOSEO) 4.9.6.2\" \/>\n\t\t<meta property=\"og:locale\" content=\"fr_FR\" \/>\n\t\t<meta property=\"og:site_name\" content=\"SunnySteve | Lagos &amp; Algarve Real Estate \u00bb We help International buyers find home in the Algarve\" \/>\n\t\t<meta property=\"og:type\" content=\"website\" \/>\n\t\t<meta property=\"og:title\" content=\"Propri\u00e9t\u00e9s avec vue sur mer \u00e0 Lagos et dans l\u2019ouest de l\u2019Algarve\" \/>\n\t\t<meta property=\"og:description\" content=\"TOUTES VUE MER PISCINE LOCATIF DEVELOPEMENTS Menu TOUTES VUE MER PISCINE LOCATIF DEVELOPEMENTS\" \/>\n\t\t<meta property=\"og:url\" content=\"https:\/\/sunnysteve.com\/fr\/proprietes-avec-vue-sur-mer-a-lagos-et-dans-louest-de-lalgarve\/\" \/>\n\t\t<meta property=\"og:image\" content=\"https:\/\/sunnysteve.com\/wp-content\/uploads\/2024\/08\/2_327d2e41-a081-478d-9ec1-c6dd65442162.jpg\" \/>\n\t\t<meta property=\"og:image:secure_url\" content=\"https:\/\/sunnysteve.com\/wp-content\/uploads\/2024\/08\/2_327d2e41-a081-478d-9ec1-c6dd65442162.jpg\" \/>\n\t\t<meta property=\"og:image:width\" content=\"2560\" \/>\n\t\t<meta property=\"og:image:height\" content=\"1548\" \/>\n\t\t<meta name=\"twitter:card\" content=\"summary_large_image\" \/>\n\t\t<meta name=\"twitter:site\" content=\"@sunnysteve_real\" \/>\n\t\t<meta name=\"twitter:title\" content=\"Propri\u00e9t\u00e9s avec vue sur mer \u00e0 Lagos et dans l\u2019ouest de l\u2019Algarve\" \/>\n\t\t<meta name=\"twitter:description\" content=\"TOUTES VUE MER PISCINE LOCATIF DEVELOPEMENTS Menu TOUTES VUE MER PISCINE LOCATIF DEVELOPEMENTS\" \/>\n\t\t<meta name=\"twitter:creator\" content=\"@sunnysteve_real\" \/>\n\t\t<meta name=\"twitter:image\" content=\"https:\/\/sunnysteve.com\/wp-content\/uploads\/2024\/08\/2_327d2e41-a081-478d-9ec1-c6dd65442162.jpg\" \/>\n\t\t<script type=\"application\/ld+json\" class=\"aioseo-schema\">\n\t\t\t{\"@context\":\"https:\\\/\\\/schema.org\",\"@graph\":[{\"@type\":\"BreadcrumbList\",\"@id\":\"https:\\\/\\\/sunnysteve.com\\\/fr\\\/proprietes-avec-vue-sur-mer-a-lagos-et-dans-louest-de-lalgarve\\\/#breadcrumblist\",\"itemListElement\":[{\"@type\":\"ListItem\",\"@id\":\"https:\\\/\\\/sunnysteve.com\\\/fr\\\/#listItem\",\"position\":1,\"name\":\"Home\",\"item\":\"https:\\\/\\\/sunnysteve.com\\\/fr\\\/\",\"nextItem\":{\"@type\":\"ListItem\",\"@id\":\"https:\\\/\\\/sunnysteve.com\\\/fr\\\/proprietes-avec-vue-sur-mer-a-lagos-et-dans-louest-de-lalgarve\\\/#listItem\",\"name\":\"Propri\\u00e9t\\u00e9s avec vue sur mer \\u00e0 Lagos et dans l&#8217;ouest de l&#8217;Algarve\"}},{\"@type\":\"ListItem\",\"@id\":\"https:\\\/\\\/sunnysteve.com\\\/fr\\\/proprietes-avec-vue-sur-mer-a-lagos-et-dans-louest-de-lalgarve\\\/#listItem\",\"position\":2,\"name\":\"Propri\\u00e9t\\u00e9s avec vue sur mer \\u00e0 Lagos et dans l&#8217;ouest de l&#8217;Algarve\",\"previousItem\":{\"@type\":\"ListItem\",\"@id\":\"https:\\\/\\\/sunnysteve.com\\\/fr\\\/#listItem\",\"name\":\"Home\"}}]},{\"@type\":\"Organization\",\"@id\":\"https:\\\/\\\/sunnysteve.com\\\/fr\\\/#organization\",\"name\":\"SunnySteve | Lagos &amp; Algarve Real Estate\",\"description\":\"Navigate the Algarve property market with 20 years of local mastery. From Lagos to Faro, we specialize in helping international clients buy and sell with total confidence. Your seamless transition to Portugal starts here.\",\"url\":\"https:\\\/\\\/sunnysteve.com\\\/fr\\\/\",\"email\":\"info@sunnysteve.com\",\"telephone\":\"+351934916657\",\"logo\":{\"@type\":\"ImageObject\",\"url\":\"https:\\\/\\\/sunnysteve.com\\\/wp-content\\\/uploads\\\/2025\\\/05\\\/Sunny-Steve-Logo-2025-Blue.png\",\"@id\":\"https:\\\/\\\/sunnysteve.com\\\/fr\\\/proprietes-avec-vue-sur-mer-a-lagos-et-dans-louest-de-lalgarve\\\/#organizationLogo\"},\"image\":{\"@id\":\"https:\\\/\\\/sunnysteve.com\\\/fr\\\/proprietes-avec-vue-sur-mer-a-lagos-et-dans-louest-de-lalgarve\\\/#organizationLogo\"},\"sameAs\":[\"https:\\\/\\\/www.facebook.com\\\/sunnysteverealestate\",\"https:\\\/\\\/x.com\\\/sunnysteve_real\",\"https:\\\/\\\/www.instagram.com\\\/sunnysteve_realestate\",\"https:\\\/\\\/www.tiktok.com\\\/@sunnysteve_realestate\",\"https:\\\/\\\/www.youtube.com\\\/@sunnysteve_realestate\",\"https:\\\/\\\/www.linkedin.com\\\/in\\\/stevemarque\\\/\"],\"address\":{\"@id\":\"https:\\\/\\\/sunnysteve.com\\\/fr\\\/#postaladdress\",\"@type\":\"PostalAddress\",\"streetAddress\":\"Rua Mario de Sa Carneiro 2,\",\"postalCode\":\"8600-288\",\"addressLocality\":\"Lagos\",\"addressRegion\":\"Faro\",\"addressCountry\":\"PT\"},\"vatID\":\"518631885\"},{\"@type\":\"WebPage\",\"@id\":\"https:\\\/\\\/sunnysteve.com\\\/fr\\\/proprietes-avec-vue-sur-mer-a-lagos-et-dans-louest-de-lalgarve\\\/#webpage\",\"url\":\"https:\\\/\\\/sunnysteve.com\\\/fr\\\/proprietes-avec-vue-sur-mer-a-lagos-et-dans-louest-de-lalgarve\\\/\",\"name\":\"Propri\\u00e9t\\u00e9s avec vue sur mer \\u00e0 Lagos et dans l\\u2019ouest de l\\u2019Algarve\",\"description\":\"TOUTES VUE MER PISCINE LOCATIF DEVELOPEMENTS Menu TOUTES VUE MER PISCINE LOCATIF DEVELOPEMENTS\",\"inLanguage\":\"fr-FR\",\"isPartOf\":{\"@id\":\"https:\\\/\\\/sunnysteve.com\\\/fr\\\/#website\"},\"breadcrumb\":{\"@id\":\"https:\\\/\\\/sunnysteve.com\\\/fr\\\/proprietes-avec-vue-sur-mer-a-lagos-et-dans-louest-de-lalgarve\\\/#breadcrumblist\"},\"image\":{\"@type\":\"ImageObject\",\"url\":\"https:\\\/\\\/sunnysteve.com\\\/wp-content\\\/uploads\\\/2024\\\/08\\\/2_327d2e41-a081-478d-9ec1-c6dd65442162.jpg\",\"@id\":\"https:\\\/\\\/sunnysteve.com\\\/fr\\\/proprietes-avec-vue-sur-mer-a-lagos-et-dans-louest-de-lalgarve\\\/#mainImage\",\"width\":2560,\"height\":1548},\"primaryImageOfPage\":{\"@id\":\"https:\\\/\\\/sunnysteve.com\\\/fr\\\/proprietes-avec-vue-sur-mer-a-lagos-et-dans-louest-de-lalgarve\\\/#mainImage\"},\"datePublished\":\"2025-06-21T08:54:46+01:00\",\"dateModified\":\"2026-02-20T07:33:29+00:00\"},{\"@type\":\"WebSite\",\"@id\":\"https:\\\/\\\/sunnysteve.com\\\/fr\\\/#website\",\"url\":\"https:\\\/\\\/sunnysteve.com\\\/fr\\\/\",\"name\":\"SunnySteve - Lagos &amp; Algarve Real Estate\",\"alternateName\":\"Steve Marqu\\u00e9\",\"description\":\"We help International buyers find home in the Algarve\",\"inLanguage\":\"fr-FR\",\"publisher\":{\"@id\":\"https:\\\/\\\/sunnysteve.com\\\/fr\\\/#organization\"}}]}\n\t\t<\/script>\n\t\t<!-- All in One SEO Pro -->\r\n\t\t<title>Propri\u00e9t\u00e9s avec vue sur mer \u00e0 Lagos et dans l\u2019ouest de l\u2019Algarve<\/title>\n\n","aioseo_head_json":{"title":"Propri\u00e9t\u00e9s avec vue sur mer \u00e0 Lagos et dans l\u2019ouest de l\u2019Algarve","description":"TOUTES VUE MER PISCINE LOCATIF DEVELOPEMENTS Menu TOUTES VUE MER PISCINE LOCATIF DEVELOPEMENTS","canonical_url":"https:\/\/sunnysteve.com\/fr\/proprietes-avec-vue-sur-mer-a-lagos-et-dans-louest-de-lalgarve\/","robots":"max-image-preview:large","keywords":"","webmasterTools":{"google-site-verification":"6Spa-o41CcNSMq81uVrBXskB-BVQKssFNgXlgComdWc","miscellaneous":""},"schema":{"@context":"https:\/\/schema.org","@graph":[{"@type":"BreadcrumbList","@id":"https:\/\/sunnysteve.com\/fr\/proprietes-avec-vue-sur-mer-a-lagos-et-dans-louest-de-lalgarve\/#breadcrumblist","itemListElement":[{"@type":"ListItem","@id":"https:\/\/sunnysteve.com\/fr\/#listItem","position":1,"name":"Home","item":"https:\/\/sunnysteve.com\/fr\/","nextItem":{"@type":"ListItem","@id":"https:\/\/sunnysteve.com\/fr\/proprietes-avec-vue-sur-mer-a-lagos-et-dans-louest-de-lalgarve\/#listItem","name":"Propri\u00e9t\u00e9s avec vue sur mer \u00e0 Lagos et dans l&#8217;ouest de l&#8217;Algarve"}},{"@type":"ListItem","@id":"https:\/\/sunnysteve.com\/fr\/proprietes-avec-vue-sur-mer-a-lagos-et-dans-louest-de-lalgarve\/#listItem","position":2,"name":"Propri\u00e9t\u00e9s avec vue sur mer \u00e0 Lagos et dans l&#8217;ouest de l&#8217;Algarve","previousItem":{"@type":"ListItem","@id":"https:\/\/sunnysteve.com\/fr\/#listItem","name":"Home"}}]},{"@type":"Organization","@id":"https:\/\/sunnysteve.com\/fr\/#organization","name":"SunnySteve | Lagos &amp; Algarve Real Estate","description":"Navigate the Algarve property market with 20 years of local mastery. From Lagos to Faro, we specialize in helping international clients buy and sell with total confidence. Your seamless transition to Portugal starts here.","url":"https:\/\/sunnysteve.com\/fr\/","email":"info@sunnysteve.com","telephone":"+351934916657","logo":{"@type":"ImageObject","url":"https:\/\/sunnysteve.com\/wp-content\/uploads\/2025\/05\/Sunny-Steve-Logo-2025-Blue.png","@id":"https:\/\/sunnysteve.com\/fr\/proprietes-avec-vue-sur-mer-a-lagos-et-dans-louest-de-lalgarve\/#organizationLogo"},"image":{"@id":"https:\/\/sunnysteve.com\/fr\/proprietes-avec-vue-sur-mer-a-lagos-et-dans-louest-de-lalgarve\/#organizationLogo"},"sameAs":["https:\/\/www.facebook.com\/sunnysteverealestate","https:\/\/x.com\/sunnysteve_real","https:\/\/www.instagram.com\/sunnysteve_realestate","https:\/\/www.tiktok.com\/@sunnysteve_realestate","https:\/\/www.youtube.com\/@sunnysteve_realestate","https:\/\/www.linkedin.com\/in\/stevemarque\/"],"address":{"@id":"https:\/\/sunnysteve.com\/fr\/#postaladdress","@type":"PostalAddress","streetAddress":"Rua Mario de Sa Carneiro 2,","postalCode":"8600-288","addressLocality":"Lagos","addressRegion":"Faro","addressCountry":"PT"},"vatID":"518631885"},{"@type":"WebPage","@id":"https:\/\/sunnysteve.com\/fr\/proprietes-avec-vue-sur-mer-a-lagos-et-dans-louest-de-lalgarve\/#webpage","url":"https:\/\/sunnysteve.com\/fr\/proprietes-avec-vue-sur-mer-a-lagos-et-dans-louest-de-lalgarve\/","name":"Propri\u00e9t\u00e9s avec vue sur mer \u00e0 Lagos et dans l\u2019ouest de l\u2019Algarve","description":"TOUTES VUE MER PISCINE LOCATIF DEVELOPEMENTS Menu TOUTES VUE MER PISCINE LOCATIF DEVELOPEMENTS","inLanguage":"fr-FR","isPartOf":{"@id":"https:\/\/sunnysteve.com\/fr\/#website"},"breadcrumb":{"@id":"https:\/\/sunnysteve.com\/fr\/proprietes-avec-vue-sur-mer-a-lagos-et-dans-louest-de-lalgarve\/#breadcrumblist"},"image":{"@type":"ImageObject","url":"https:\/\/sunnysteve.com\/wp-content\/uploads\/2024\/08\/2_327d2e41-a081-478d-9ec1-c6dd65442162.jpg","@id":"https:\/\/sunnysteve.com\/fr\/proprietes-avec-vue-sur-mer-a-lagos-et-dans-louest-de-lalgarve\/#mainImage","width":2560,"height":1548},"primaryImageOfPage":{"@id":"https:\/\/sunnysteve.com\/fr\/proprietes-avec-vue-sur-mer-a-lagos-et-dans-louest-de-lalgarve\/#mainImage"},"datePublished":"2025-06-21T08:54:46+01:00","dateModified":"2026-02-20T07:33:29+00:00"},{"@type":"WebSite","@id":"https:\/\/sunnysteve.com\/fr\/#website","url":"https:\/\/sunnysteve.com\/fr\/","name":"SunnySteve - Lagos &amp; Algarve Real Estate","alternateName":"Steve Marqu\u00e9","description":"We help International buyers find home in the Algarve","inLanguage":"fr-FR","publisher":{"@id":"https:\/\/sunnysteve.com\/fr\/#organization"}}]},"og:locale":"fr_FR","og:site_name":"SunnySteve | Lagos &amp; Algarve Real Estate \u00bb We help International buyers find home in the Algarve","og:type":"website","og:title":"Propri\u00e9t\u00e9s avec vue sur mer \u00e0 Lagos et dans l\u2019ouest de l\u2019Algarve","og:description":"TOUTES VUE MER PISCINE LOCATIF DEVELOPEMENTS Menu TOUTES VUE MER PISCINE LOCATIF DEVELOPEMENTS","og:url":"https:\/\/sunnysteve.com\/fr\/proprietes-avec-vue-sur-mer-a-lagos-et-dans-louest-de-lalgarve\/","og:image":"https:\/\/sunnysteve.com\/wp-content\/uploads\/2024\/08\/2_327d2e41-a081-478d-9ec1-c6dd65442162.jpg","og:image:secure_url":"https:\/\/sunnysteve.com\/wp-content\/uploads\/2024\/08\/2_327d2e41-a081-478d-9ec1-c6dd65442162.jpg","og:image:width":2560,"og:image:height":1548,"twitter:card":"summary_large_image","twitter:site":"@sunnysteve_real","twitter:title":"Propri\u00e9t\u00e9s avec vue sur mer \u00e0 Lagos et dans l\u2019ouest de l\u2019Algarve","twitter:description":"TOUTES VUE MER PISCINE LOCATIF DEVELOPEMENTS Menu TOUTES VUE MER PISCINE LOCATIF DEVELOPEMENTS","twitter:creator":"@sunnysteve_real","twitter:image":"https:\/\/sunnysteve.com\/wp-content\/uploads\/2024\/08\/2_327d2e41-a081-478d-9ec1-c6dd65442162.jpg"},"aioseo_meta_data":{"post_id":"54077","title":null,"description":null,"keywords":null,"keyphrases":{"focus":{"keyphrase":"","score":0,"analysis":{"keyphraseInTitle":{"score":0,"maxScore":9,"error":1}}},"additional":[]},"primary_term":null,"canonical_url":null,"og_title":null,"og_description":null,"og_object_type":"default","og_image_type":"default","og_image_url":null,"og_image_width":null,"og_image_height":null,"og_image_custom_url":null,"og_image_custom_fields":null,"og_video":"","og_custom_url":null,"og_article_section":null,"og_article_tags":null,"twitter_use_og":false,"twitter_card":"default","twitter_image_type":"default","twitter_image_url":null,"twitter_image_custom_url":null,"twitter_image_custom_fields":null,"twitter_title":null,"twitter_description":null,"schema":{"blockGraphs":[],"customGraphs":[],"default":{"data":{"Article":[],"Course":[],"Dataset":[],"FAQPage":[],"Movie":[],"Person":[],"Product":[],"ProductReview":[],"Car":[],"Recipe":[],"Service":[],"SoftwareApplication":[],"WebPage":[]},"graphName":"WebPage","isEnabled":true},"graphs":[]},"schema_type":"default","schema_type_options":null,"pillar_content":false,"robots_default":true,"robots_noindex":false,"robots_noarchive":false,"robots_nosnippet":false,"robots_nofollow":false,"robots_noimageindex":false,"robots_noodp":false,"robots_notranslate":false,"robots_max_snippet":"-1","robots_max_videopreview":"-1","robots_max_imagepreview":"large","priority":null,"frequency":"default","local_seo":null,"seo_analyzer_scan_date":"2026-02-20 07:36:45","breadcrumb_settings":null,"limit_modified_date":false,"reviewed_by":"0","open_ai":"{\"title\":{\"suggestions\":[],\"usage\":0},\"description\":{\"suggestions\":[],\"usage\":0}}","ai":{"faqs":[],"keyPoints":[],"titles":[],"descriptions":[],"socialPosts":{"email":[],"linkedin":[],"twitter":[],"facebook":[],"instagram":[]}},"created":"2025-09-23 14:45:57","updated":"2026-02-21 02:09:05"},"aioseo_breadcrumb":"<div class=\"aioseo-breadcrumbs\"><span class=\"aioseo-breadcrumb\">\n\t<a href=\"https:\/\/sunnysteve.com\/fr\/\" title=\"Home\">Home<\/a>\n<\/span><span class=\"aioseo-breadcrumb-separator\">\u00bb<\/span><span class=\"aioseo-breadcrumb\">\n\tPropri\u00e9t\u00e9s avec vue sur mer \u00e0 Lagos et dans l\u2019ouest de l\u2019Algarve\n<\/span><\/div>","aioseo_breadcrumb_json":[{"label":"Home","link":"https:\/\/sunnysteve.com\/fr\/"},{"label":"Propri\u00e9t\u00e9s avec vue sur mer \u00e0 Lagos et dans l&#8217;ouest de l&#8217;Algarve","link":"https:\/\/sunnysteve.com\/fr\/proprietes-avec-vue-sur-mer-a-lagos-et-dans-louest-de-lalgarve\/"}],"_links":{"self":[{"href":"https:\/\/sunnysteve.com\/fr\/wp-json\/wp\/v2\/pages\/54077","targetHints":{"allow":["GET"]}}],"collection":[{"href":"https:\/\/sunnysteve.com\/fr\/wp-json\/wp\/v2\/pages"}],"about":[{"href":"https:\/\/sunnysteve.com\/fr\/wp-json\/wp\/v2\/types\/page"}],"author":[{"embeddable":true,"href":"https:\/\/sunnysteve.com\/fr\/wp-json\/wp\/v2\/users\/6"}],"replies":[{"embeddable":true,"href":"https:\/\/sunnysteve.com\/fr\/wp-json\/wp\/v2\/comments?post=54077"}],"version-history":[{"count":0,"href":"https:\/\/sunnysteve.com\/fr\/wp-json\/wp\/v2\/pages\/54077\/revisions"}],"wp:featuredmedia":[{"embeddable":true,"href":"https:\/\/sunnysteve.com\/fr\/wp-json\/wp\/v2\/media\/54078"}],"wp:attachment":[{"href":"https:\/\/sunnysteve.com\/fr\/wp-json\/wp\/v2\/media?parent=54077"}],"curies":[{"name":"wp","href":"https:\/\/api.w.org\/{rel}","templated":true}]}}